{"id":7961,"date":"2017-01-05T11:43:09","date_gmt":"2017-01-05T11:43:09","guid":{"rendered":"https:\/\/reinventyourself.pt\/workshops\/"},"modified":"2023-06-21T17:52:58","modified_gmt":"2023-06-21T17:52:58","slug":"workshops","status":"publish","type":"page","link":"https:\/\/reinventyourself.pt\/en\/workshops\/","title":{"rendered":"Training &#038; Workshops"},"content":{"rendered":"<p>[vc_row][vc_column width=&#8221;1\/2&#8243;][vc_empty_space height=&#8221;82px&#8221;][vc_column_text]The main goals of our trainings and workshops are to provide a moment of individual and group learning, active participation and personal growth in a pleasant and safe environment that generate generate the desired results.<\/p>\n<p>We aim to create an experience that involves the mind, heart and hands for a deeper learning experience and for a high motivation to apply the learned skills or implement a new plan.<\/p>\n<p>The contents are developed according to the client&#8217;s needs and are suitable for all levels and types of jobs within the company.<\/p>\n<p>The sessions are interactive and contain relevant topics also for personal life, which result in high engagement levels.[\/vc_column_text][vc_empty_space][vc_custom_heading text=&#8221;Possible topics:&#8221; font_container=&#8221;tag:h3|text_align:left|color:%237a7a7a&#8221; use_theme_fonts=&#8221;yes&#8221;][vc_empty_space][vc_column_text]<\/p>\n<div class=\"wpb_text_column wpb_content_element \">\n<ul>\n<li><strong>Creativity to innovate at work<\/strong><\/li>\n<li><strong>Conscious leadership<\/strong><\/li>\n<li><strong>Personal Brand &amp; Professional Image<\/strong><\/li>\n<li><strong>Diversity, Equity &amp; Inclusion<\/strong><\/li>\n<li><strong>Networking skills<\/strong><\/li>\n<li><strong>Impactful communication\u00a0<\/strong><\/li>\n<li><strong>Body language<\/strong><\/li>\n<li><strong>Presentating with impact and authenticiy<\/strong><\/li>\n<\/ul>\n<p>&nbsp;<\/p>\n<p><strong>Testimonials<\/strong><\/p>\n<p><em>\u2018It was the first experience I participated in a personal branding workshop and it achieved a very high level. The tools used, as well as the sequence of activities for self-knowledge and a powerful call-to-action to work on our personal brand and create a growth plan. 5 stars.\u2019<\/em> \u00a0\u2013\u00a0 Jo\u00e3o de Almeida Chaves \u2013 Digital Transformation Manager Luz Sa\u00fade<\/p>\n<p><em>&#8220;This workshop was a nice surprise! It was an opportunity to see how creativity can be spontaneous and that we can easily practice it. There are simple exercises that result in good ideas. It was also an excellent chance to meet people from different countries and backgrounds. I will use the learned tools to generate more ideas and solutions to my challenges.&#8221;<\/em> &#8211; Fab\u00edola Pernas, Marketing Manager<\/p>\n<p><em>\u2018An enriching and surprisingly deep experience that challenges us to reflect on what our choices are and what our purpose in life really is. All of this, combining the theoretical and practical components in a very interesting way. I recommend!<\/em>\u2019 \u00a0\u2013 Teresa Beijoco \u2013 Marketing &amp; Communications Manager Altice<\/p>\n<p><em>\u2018Great Workshop. The combination of the personal brand with the art of negotiation is brilliant. Merit of the trainers Manon Alves and Margarida Rodrigues who managed to provide an extremely useful content in a simplified, intelligent, easily perceived and applicable way. I recommend it without any hesitation. Thanks to both.\u2019<\/em> \u00a0\u2013 Judite Neto \u2013 Owner &amp; Managing Director Aromaclub<\/p>\n<\/div>\n<p>[\/vc_column_text][\/vc_column][vc_column width=&#8221;1\/2&#8243;][vc_custom_heading text=&#8221;&#8221; font_container=&#8221;tag:h4|text_align:center|color:%23666666&#8243; use_theme_fonts=&#8221;yes&#8221;][vc_empty_space][vc_overlay_box image=&#8221;7611&#8243;][\/vc_overlay_box][vc_overlay_box image=&#8221;5977&#8243;][\/vc_overlay_box][vc_btn title=&#8221;Contact us&#8221; style=&#8221;outline-custom&#8221; outline_custom_color=&#8221;#666666&#8243; outline_custom_hover_background=&#8221;#f7d702&#8243; outline_custom_hover_text=&#8221;#666666&#8243; align=&#8221;center&#8221; css_animation=&#8221;lightSpeedIn&#8221; button_block=&#8221;true&#8221; link=&#8221;url:http%3A%2F%2Freinventyourself.pt%2F%23contactos|||&#8221;][\/vc_column][\/vc_row][vc_row][vc_column][\/vc_column][\/vc_row]<\/p>\n","protected":false},"excerpt":{"rendered":"<p>[vc_row][vc_column width=&#8221;1\/2&#8243;][vc_empty_space height=&#8221;82px&#8221;][vc_column_text]The main goals of our trainings and workshops are to provide a moment of individual and group learning, active participation and personal growth in a pleasant and safe environment that generate generate the desired results. We aim to create an experience that involves the mind, heart and hands for a deeper learning experience and for a high motivation to apply the learned skills or implement a new plan. The contents are developed according&#8230;<\/p>\n","protected":false},"author":1,"featured_media":0,"parent":0,"menu_order":0,"comment_status":"closed","ping_status":"closed","template":"page-templates\/page-fullwidth.php","meta":[],"yoast_head":"<!-- This site is optimized with the Yoast SEO plugin v16.9 - https:\/\/yoast.com\/wordpress\/plugins\/seo\/ -->\n<title>Training &amp; Workshops | Personal branding, design thinking, Coaching Lideran\u00e7a, executive coaching e comunica\u00e7\u00e3o eficaz em Lisboa - Reinvent Yourself -<\/title>\n<meta name=\"description\" content=\"Desenvolva a sua marca pessoal e ferramentas de comunica\u00e7\u00e3o eficaz. A Reinvent Yourself fornece cursos e workshops de coaching executivo (executive coaching), Coaching de Lideran\u00e7a, e design thinking em Lisboa - Reinvent Yourself -\" \/>\n<meta name=\"robots\" content=\"index, follow, max-snippet:-1, max-image-preview:large, max-video-preview:-1\" \/>\n<link rel=\"canonical\" href=\"https:\/\/reinventyourself.pt\/en\/workshops\/\" \/>\n<meta property=\"og:locale\" content=\"en_US\" \/>\n<meta property=\"og:type\" content=\"article\" \/>\n<meta property=\"og:title\" content=\"Training &amp; Workshops | Personal branding, design thinking, Coaching Lideran\u00e7a, executive coaching e comunica\u00e7\u00e3o eficaz em Lisboa - Reinvent Yourself -\" \/>\n<meta property=\"og:description\" content=\"Desenvolva a sua marca pessoal e ferramentas de comunica\u00e7\u00e3o eficaz. A Reinvent Yourself fornece cursos e workshops de coaching executivo (executive coaching), Coaching de Lideran\u00e7a, e design thinking em Lisboa - Reinvent Yourself -\" \/>\n<meta property=\"og:url\" content=\"https:\/\/reinventyourself.pt\/en\/workshops\/\" \/>\n<meta property=\"og:site_name\" content=\"Reinvent Yourself\" \/>\n<meta property=\"article:modified_time\" content=\"2023-06-21T17:52:58+00:00\" \/>\n<meta name=\"twitter:card\" content=\"summary\" \/>\n<meta name=\"twitter:label1\" content=\"Est. reading time\" \/>\n\t<meta name=\"twitter:data1\" content=\"2 minutes\" \/>\n<script type=\"application\/ld+json\" class=\"yoast-schema-graph\">{\"@context\":\"https:\/\/schema.org\",\"@graph\":[{\"@type\":\"WebSite\",\"@id\":\"https:\/\/reinventyourself.pt\/#website\",\"url\":\"https:\/\/reinventyourself.pt\/\",\"name\":\"Reinvent Yourself\",\"description\":\"Reinvent Yourself\",\"potentialAction\":[{\"@type\":\"SearchAction\",\"target\":{\"@type\":\"EntryPoint\",\"urlTemplate\":\"https:\/\/reinventyourself.pt\/?s={search_term_string}\"},\"query-input\":\"required name=search_term_string\"}],\"inLanguage\":\"en-US\"},{\"@type\":\"WebPage\",\"@id\":\"https:\/\/reinventyourself.pt\/en\/workshops\/#webpage\",\"url\":\"https:\/\/reinventyourself.pt\/en\/workshops\/\",\"name\":\"Training & Workshops | Personal branding, design thinking, Coaching Lideran\\u00e7a, executive coaching e comunica\\u00e7\\u00e3o eficaz em Lisboa - Reinvent Yourself -\",\"isPartOf\":{\"@id\":\"https:\/\/reinventyourself.pt\/#website\"},\"datePublished\":\"2017-01-05T11:43:09+00:00\",\"dateModified\":\"2023-06-21T17:52:58+00:00\",\"description\":\"Desenvolva a sua marca pessoal e ferramentas de comunica\\u00e7\\u00e3o eficaz. A Reinvent Yourself fornece cursos e workshops de coaching executivo (executive coaching), Coaching de Lideran\\u00e7a, e design thinking em Lisboa - Reinvent Yourself -\",\"breadcrumb\":{\"@id\":\"https:\/\/reinventyourself.pt\/en\/workshops\/#breadcrumb\"},\"inLanguage\":\"en-US\",\"potentialAction\":[{\"@type\":\"ReadAction\",\"target\":[\"https:\/\/reinventyourself.pt\/en\/workshops\/\"]}]},{\"@type\":\"BreadcrumbList\",\"@id\":\"https:\/\/reinventyourself.pt\/en\/workshops\/#breadcrumb\",\"itemListElement\":[{\"@type\":\"ListItem\",\"position\":1,\"name\":\"In\\u00edcio\",\"item\":\"https:\/\/reinventyourself.pt\/en\/home-curso-online-2-2\/\"},{\"@type\":\"ListItem\",\"position\":2,\"name\":\"Training &#038; Workshops\"}]}]}<\/script>\n<!-- \/ Yoast SEO plugin. -->","yoast_head_json":{"title":"Training & Workshops | Personal branding, design thinking, Coaching Lideran\u00e7a, executive coaching e comunica\u00e7\u00e3o eficaz em Lisboa - Reinvent Yourself -","description":"Desenvolva a sua marca pessoal e ferramentas de comunica\u00e7\u00e3o eficaz. A Reinvent Yourself fornece cursos e workshops de coaching executivo (executive coaching), Coaching de Lideran\u00e7a, e design thinking em Lisboa - Reinvent Yourself -","robots":{"index":"index","follow":"follow","max-snippet":"max-snippet:-1","max-image-preview":"max-image-preview:large","max-video-preview":"max-video-preview:-1"},"canonical":"https:\/\/reinventyourself.pt\/en\/workshops\/","og_locale":"en_US","og_type":"article","og_title":"Training & Workshops | Personal branding, design thinking, Coaching Lideran\u00e7a, executive coaching e comunica\u00e7\u00e3o eficaz em Lisboa - Reinvent Yourself -","og_description":"Desenvolva a sua marca pessoal e ferramentas de comunica\u00e7\u00e3o eficaz. A Reinvent Yourself fornece cursos e workshops de coaching executivo (executive coaching), Coaching de Lideran\u00e7a, e design thinking em Lisboa - Reinvent Yourself -","og_url":"https:\/\/reinventyourself.pt\/en\/workshops\/","og_site_name":"Reinvent Yourself","article_modified_time":"2023-06-21T17:52:58+00:00","twitter_card":"summary","twitter_misc":{"Est. reading time":"2 minutes"},"schema":{"@context":"https:\/\/schema.org","@graph":[{"@type":"WebSite","@id":"https:\/\/reinventyourself.pt\/#website","url":"https:\/\/reinventyourself.pt\/","name":"Reinvent Yourself","description":"Reinvent Yourself","potentialAction":[{"@type":"SearchAction","target":{"@type":"EntryPoint","urlTemplate":"https:\/\/reinventyourself.pt\/?s={search_term_string}"},"query-input":"required name=search_term_string"}],"inLanguage":"en-US"},{"@type":"WebPage","@id":"https:\/\/reinventyourself.pt\/en\/workshops\/#webpage","url":"https:\/\/reinventyourself.pt\/en\/workshops\/","name":"Training & Workshops | Personal branding, design thinking, Coaching Lideran\u00e7a, executive coaching e comunica\u00e7\u00e3o eficaz em Lisboa - Reinvent Yourself -","isPartOf":{"@id":"https:\/\/reinventyourself.pt\/#website"},"datePublished":"2017-01-05T11:43:09+00:00","dateModified":"2023-06-21T17:52:58+00:00","description":"Desenvolva a sua marca pessoal e ferramentas de comunica\u00e7\u00e3o eficaz. A Reinvent Yourself fornece cursos e workshops de coaching executivo (executive coaching), Coaching de Lideran\u00e7a, e design thinking em Lisboa - Reinvent Yourself -","breadcrumb":{"@id":"https:\/\/reinventyourself.pt\/en\/workshops\/#breadcrumb"},"inLanguage":"en-US","potentialAction":[{"@type":"ReadAction","target":["https:\/\/reinventyourself.pt\/en\/workshops\/"]}]},{"@type":"BreadcrumbList","@id":"https:\/\/reinventyourself.pt\/en\/workshops\/#breadcrumb","itemListElement":[{"@type":"ListItem","position":1,"name":"In\u00edcio","item":"https:\/\/reinventyourself.pt\/en\/home-curso-online-2-2\/"},{"@type":"ListItem","position":2,"name":"Training &#038; Workshops"}]}]}},"_links":{"self":[{"href":"https:\/\/reinventyourself.pt\/en\/wp-json\/wp\/v2\/pages\/7961"}],"collection":[{"href":"https:\/\/reinventyourself.pt\/en\/wp-json\/wp\/v2\/pages"}],"about":[{"href":"https:\/\/reinventyourself.pt\/en\/wp-json\/wp\/v2\/types\/page"}],"author":[{"embeddable":true,"href":"https:\/\/reinventyourself.pt\/en\/wp-json\/wp\/v2\/users\/1"}],"replies":[{"embeddable":true,"href":"https:\/\/reinventyourself.pt\/en\/wp-json\/wp\/v2\/comments?post=7961"}],"version-history":[{"count":7,"href":"https:\/\/reinventyourself.pt\/en\/wp-json\/wp\/v2\/pages\/7961\/revisions"}],"predecessor-version":[{"id":8901,"href":"https:\/\/reinventyourself.pt\/en\/wp-json\/wp\/v2\/pages\/7961\/revisions\/8901"}],"wp:attachment":[{"href":"https:\/\/reinventyourself.pt\/en\/wp-json\/wp\/v2\/media?parent=7961"}],"curies":[{"name":"wp","href":"https:\/\/api.w.org\/{rel}","templated":true}]}}