{"id":7973,"date":"2017-01-05T11:44:36","date_gmt":"2017-01-05T11:44:36","guid":{"rendered":"https:\/\/reinventyourself.pt\/sessoes-individuais\/"},"modified":"2024-03-06T15:56:44","modified_gmt":"2024-03-06T15:56:44","slug":"coaching-mentoring","status":"publish","type":"page","link":"https:\/\/reinventyourself.pt\/en\/coaching-mentoring\/","title":{"rendered":"Coaching\/Mentoring"},"content":{"rendered":"<p>[vc_row][vc_column width=&#8221;1\/2&#8243;][vc_column_text]<strong>1:1 Coaching and Mentoring programmes<\/strong><\/p>\n<p style=\"text-align: justify;\">For those who want to improve their leadership skills, soft skills or personal brand in a more personalized and specific way, our coaching and mentoring programs can be the perfect solution. Through a mentoring program you will create a greater awareness of your thought patterns and behaviours and learn how to increase your skills in the fields of emotional intelligence, communication, creativity, leadership and personal branding.<\/p>\n<p style=\"text-align: justify;\">In the one-on-one sessions that are scheduled online or presentially on a regular basis, we will work on pre-agreed topics.<\/p>\n<p>[\/vc_column_text][vc_custom_heading text=&#8221;Possible topics:&#8221; font_container=&#8221;tag:h4|text_align:left|color:%23666666&#8243; use_theme_fonts=&#8221;yes&#8221;][vc_column_text]<\/p>\n<ul>\n<li>Mindful Leadership<\/li>\n<li>Verbal, non-verbal and online communication<\/li>\n<li>Resilience<\/li>\n<li>Executive Presence<\/li>\n<li>Team motivation<\/li>\n<li>Mindfulness &amp; Wellbeing at work<\/li>\n<li>Personal marketing plan<\/li>\n<li>Effective networking<\/li>\n<li>Professional image<\/li>\n<\/ul>\n<p>&nbsp;<\/p>\n<p><strong>Team Coaching<\/strong><\/p>\n<p>Even with the best talents onboard, leading a team can be challenging. Team coaching can be a very effective methodolgy to address team challenges like communication gaps, lack of collaboration, conflict management. With our approach you tackle the problems by their roots in a safe environment and harness collective strengths, empower leaders, and cultivate a culture of resilience. Elevate your team&#8217;s performance and overcome obstacles together for lasting results.<\/p>\n<p>&nbsp;<\/p>\n<p>&nbsp;<\/p>\n<p><strong>NEW: WALK THE TALK &#8211; Coaching in Nature<\/strong><\/p>\n<p>Despite the immense possibilities that online work provides, it is also important to set aside some time off-screen. With the combination of Coaching, Nature and Physical Exercise, you will improve your mental and physical health in a very rewarding way and increase your performance at the same time.<br \/>\nFor more information, please go to this <a href=\"https:\/\/reinventyourself.pt\/%f0%9f%92%a1%f0%9f%8f%9e-novo-servico-walk-the-talk-coaching-na-natureza-2\/\">link<\/a><\/p>\n<p>&nbsp;<\/p>\n<p style=\"margin: 0cm; background: white;\"><strong><span style=\"font-size: 10.5pt; font-family: 'Roboto',serif; color: #515151;\">Testimonials <\/span><\/strong><\/p>\n<p style=\"margin: 0cm; background: white;\"><em><span style=\"font-size: 10.5pt; font-family: 'Roboto',serif; color: #515151;\">\u00a0<\/span><\/em><\/p>\n<p style=\"margin: 0cm; background: white;\"><em><span style=\"font-size: 10.5pt; font-family: 'Roboto',serif; color: #515151;\">&#8216;I had never done any program like this before and I really liked it. The mentor was wonderful. The program met my needs and helped me to get to know myself better. Although mentoring is important for the program to achieve its intended objectives, it is essential that the \u201ctrainee\u201d is committed and motivated.\u2019<\/span><\/em><span style=\"font-size: 10.5pt; font-family: 'Roboto',serif; color: #515151;\">\u00a0\u2013 Jorge C \u2013 Director of Operations Rodovi\u00e1ria de Lisboa<\/span><\/p>\n<p style=\"margin: 0cm; background: white;\"><span style=\"font-size: 10.5pt; font-family: 'Roboto',serif; color: #515151;\">\u00a0<\/span><\/p>\n<p style=\"margin: 0cm; background: white; box-sizing: border-box; font-variant-ligatures: normal; font-variant-caps: normal; orphans: 2; widows: 2; -webkit-text-stroke-width: 0px; text-decoration-style: initial; text-decoration-color: initial; word-spacing: 0px;\"><em style=\"box-sizing: border-box;\"><span style=\"font-size: 10.5pt; font-family: 'Roboto',serif; color: #515151;\">\u2018One of the aspects that I liked the most about mentoring (and I even commented this personally with Manon) was the fact that almost without realizing we were reaching conclusions and new ideas to implement almost as an informal conversation that, along the way, becomes a powerful management tool.I also really liked the self-knowledge that we are acquiring throughout the sessions.\u2019<\/span><\/em><span style=\"font-size: 10.5pt; font-family: 'Roboto',serif; color: #515151;\">\u00a0\u2013 Gon\u00e7alo Matos \u2013 Head of Opera\u00e7\u00f5es Rodov\u00e1ria de Lisboa<\/span><\/p>\n<p>&nbsp;<\/p>\n<p style=\"margin: 0cm; background: white; box-sizing: border-box; font-variant-ligatures: normal; font-variant-caps: normal; orphans: 2; widows: 2; -webkit-text-stroke-width: 0px; text-decoration-style: initial; text-decoration-color: initial; word-spacing: 0px;\">&#8216;<em>I decided to participate in Walk the Talk &#8211; Coaching in Nature with a very well-defined goal: to be my moment of connection with myself and with nature as a stage. It was an incredible process of discovery and awareness. Manon has the ability to convey to us an enormous serenity, simplicity and awareness about the importance of small changes in attitudes in our daily lives that can provide us with enormous well-being. In each session I had several insights that led me to make some changes in my daily routines and the goal was always to feel connected with myself, with my essence, which improved my physical and psychological well-being. It was an incredible evolution in such a short amount of time. Today I continue to follow Manon\u00b4s tips and feel much lighter, present and serene with myself and others. I am immensely grateful to Manon and highly recommend this program.<\/em>&#8216; &#8211; Cristina Caeiro &#8211; Human Resources Director<\/p>\n<p><em>The partnership established with Manon was one of trust and challenge. The exercise was stimulating for its diversity, relevance and holistic approach. The process had the right balance of challenge and support, reflection and action, and the results emerged in a structured, tangible and secure way. Thank you!!&#8217; &#8211; <\/em>Guida Figueira &#8211; Head of People &amp; Culture[\/vc_column_text][vc_empty_space height=&#8221;22px&#8221;][vc_btn title=&#8221;Book your session here!&#8221; style=&#8221;outline-custom&#8221; outline_custom_color=&#8221;#666666&#8243; outline_custom_hover_background=&#8221;#f7d702&#8243; outline_custom_hover_text=&#8221;#666666&#8243; align=&#8221;center&#8221; button_block=&#8221;true&#8221; link=&#8221;url:http%3A%2F%2Freinventyourself.pt%2Fen%2F%23contacts|||&#8221;][\/vc_column][vc_column width=&#8221;1\/2&#8243;][vc_overlay_box image=&#8221;7598&#8243; title=&#8221;Sess\u00f5es Individuais&#8221;][\/vc_overlay_box][vc_overlay_box image=&#8221;8272&#8243; title=&#8221;Sess\u00f5es Individuais&#8221;][\/vc_overlay_box][\/vc_column][\/vc_row]<\/p>\n","protected":false},"excerpt":{"rendered":"<p>[vc_row][vc_column width=&#8221;1\/2&#8243;][vc_column_text]1:1 Coaching and Mentoring programmes For those who want to improve their leadership skills, soft skills or personal brand in a more personalized and specific way, our coaching and mentoring programs can be the perfect solution. Through a mentoring program you will create a greater awareness of your thought patterns and behaviours and learn how to increase your skills in the fields of emotional intelligence, communication, creativity, leadership and personal branding. In the one-on-one&#8230;<\/p>\n","protected":false},"author":1,"featured_media":0,"parent":0,"menu_order":0,"comment_status":"closed","ping_status":"closed","template":"page-templates\/page-fullwidth.php","meta":[],"yoast_head":"<!-- This site is optimized with the Yoast SEO plugin v16.9 - https:\/\/yoast.com\/wordpress\/plugins\/seo\/ -->\n<title>Coaching\/Mentoring | Personal branding, design thinking, Coaching Lideran\u00e7a, executive coaching e comunica\u00e7\u00e3o eficaz em Lisboa - Reinvent Yourself -<\/title>\n<meta name=\"description\" content=\"Desenvolva a sua marca pessoal e ferramentas de comunica\u00e7\u00e3o eficaz. A Reinvent Yourself fornece cursos e workshops de coaching executivo (executive coaching), Coaching de Lideran\u00e7a, e design thinking em Lisboa - Reinvent Yourself -\" \/>\n<meta name=\"robots\" content=\"index, follow, max-snippet:-1, max-image-preview:large, max-video-preview:-1\" \/>\n<link rel=\"canonical\" href=\"https:\/\/reinventyourself.pt\/en\/coaching-mentoring\/\" \/>\n<meta property=\"og:locale\" content=\"en_US\" \/>\n<meta property=\"og:type\" content=\"article\" \/>\n<meta property=\"og:title\" content=\"Coaching\/Mentoring | Personal branding, design thinking, Coaching Lideran\u00e7a, executive coaching e comunica\u00e7\u00e3o eficaz em Lisboa - Reinvent Yourself -\" \/>\n<meta property=\"og:description\" content=\"Desenvolva a sua marca pessoal e ferramentas de comunica\u00e7\u00e3o eficaz. A Reinvent Yourself fornece cursos e workshops de coaching executivo (executive coaching), Coaching de Lideran\u00e7a, e design thinking em Lisboa - Reinvent Yourself -\" \/>\n<meta property=\"og:url\" content=\"https:\/\/reinventyourself.pt\/en\/coaching-mentoring\/\" \/>\n<meta property=\"og:site_name\" content=\"Reinvent Yourself\" \/>\n<meta property=\"article:modified_time\" content=\"2024-03-06T15:56:44+00:00\" \/>\n<meta name=\"twitter:card\" content=\"summary\" \/>\n<meta name=\"twitter:label1\" content=\"Est. reading time\" \/>\n\t<meta name=\"twitter:data1\" content=\"3 minutes\" \/>\n<script type=\"application\/ld+json\" class=\"yoast-schema-graph\">{\"@context\":\"https:\/\/schema.org\",\"@graph\":[{\"@type\":\"WebSite\",\"@id\":\"https:\/\/reinventyourself.pt\/#website\",\"url\":\"https:\/\/reinventyourself.pt\/\",\"name\":\"Reinvent Yourself\",\"description\":\"Reinvent Yourself\",\"potentialAction\":[{\"@type\":\"SearchAction\",\"target\":{\"@type\":\"EntryPoint\",\"urlTemplate\":\"https:\/\/reinventyourself.pt\/?s={search_term_string}\"},\"query-input\":\"required name=search_term_string\"}],\"inLanguage\":\"en-US\"},{\"@type\":\"WebPage\",\"@id\":\"https:\/\/reinventyourself.pt\/en\/coaching-mentoring\/#webpage\",\"url\":\"https:\/\/reinventyourself.pt\/en\/coaching-mentoring\/\",\"name\":\"Coaching\/Mentoring | Personal branding, design thinking, Coaching Lideran\\u00e7a, executive coaching e comunica\\u00e7\\u00e3o eficaz em Lisboa - Reinvent Yourself -\",\"isPartOf\":{\"@id\":\"https:\/\/reinventyourself.pt\/#website\"},\"datePublished\":\"2017-01-05T11:44:36+00:00\",\"dateModified\":\"2024-03-06T15:56:44+00:00\",\"description\":\"Desenvolva a sua marca pessoal e ferramentas de comunica\\u00e7\\u00e3o eficaz. A Reinvent Yourself fornece cursos e workshops de coaching executivo (executive coaching), Coaching de Lideran\\u00e7a, e design thinking em Lisboa - Reinvent Yourself -\",\"breadcrumb\":{\"@id\":\"https:\/\/reinventyourself.pt\/en\/coaching-mentoring\/#breadcrumb\"},\"inLanguage\":\"en-US\",\"potentialAction\":[{\"@type\":\"ReadAction\",\"target\":[\"https:\/\/reinventyourself.pt\/en\/coaching-mentoring\/\"]}]},{\"@type\":\"BreadcrumbList\",\"@id\":\"https:\/\/reinventyourself.pt\/en\/coaching-mentoring\/#breadcrumb\",\"itemListElement\":[{\"@type\":\"ListItem\",\"position\":1,\"name\":\"In\\u00edcio\",\"item\":\"https:\/\/reinventyourself.pt\/en\/home-curso-online-2-2\/\"},{\"@type\":\"ListItem\",\"position\":2,\"name\":\"Coaching\/Mentoring\"}]}]}<\/script>\n<!-- \/ Yoast SEO plugin. -->","yoast_head_json":{"title":"Coaching\/Mentoring | Personal branding, design thinking, Coaching Lideran\u00e7a, executive coaching e comunica\u00e7\u00e3o eficaz em Lisboa - Reinvent Yourself -","description":"Desenvolva a sua marca pessoal e ferramentas de comunica\u00e7\u00e3o eficaz. A Reinvent Yourself fornece cursos e workshops de coaching executivo (executive coaching), Coaching de Lideran\u00e7a, e design thinking em Lisboa - Reinvent Yourself -","robots":{"index":"index","follow":"follow","max-snippet":"max-snippet:-1","max-image-preview":"max-image-preview:large","max-video-preview":"max-video-preview:-1"},"canonical":"https:\/\/reinventyourself.pt\/en\/coaching-mentoring\/","og_locale":"en_US","og_type":"article","og_title":"Coaching\/Mentoring | Personal branding, design thinking, Coaching Lideran\u00e7a, executive coaching e comunica\u00e7\u00e3o eficaz em Lisboa - Reinvent Yourself -","og_description":"Desenvolva a sua marca pessoal e ferramentas de comunica\u00e7\u00e3o eficaz. A Reinvent Yourself fornece cursos e workshops de coaching executivo (executive coaching), Coaching de Lideran\u00e7a, e design thinking em Lisboa - Reinvent Yourself -","og_url":"https:\/\/reinventyourself.pt\/en\/coaching-mentoring\/","og_site_name":"Reinvent Yourself","article_modified_time":"2024-03-06T15:56:44+00:00","twitter_card":"summary","twitter_misc":{"Est. reading time":"3 minutes"},"schema":{"@context":"https:\/\/schema.org","@graph":[{"@type":"WebSite","@id":"https:\/\/reinventyourself.pt\/#website","url":"https:\/\/reinventyourself.pt\/","name":"Reinvent Yourself","description":"Reinvent Yourself","potentialAction":[{"@type":"SearchAction","target":{"@type":"EntryPoint","urlTemplate":"https:\/\/reinventyourself.pt\/?s={search_term_string}"},"query-input":"required name=search_term_string"}],"inLanguage":"en-US"},{"@type":"WebPage","@id":"https:\/\/reinventyourself.pt\/en\/coaching-mentoring\/#webpage","url":"https:\/\/reinventyourself.pt\/en\/coaching-mentoring\/","name":"Coaching\/Mentoring | Personal branding, design thinking, Coaching Lideran\u00e7a, executive coaching e comunica\u00e7\u00e3o eficaz em Lisboa - Reinvent Yourself -","isPartOf":{"@id":"https:\/\/reinventyourself.pt\/#website"},"datePublished":"2017-01-05T11:44:36+00:00","dateModified":"2024-03-06T15:56:44+00:00","description":"Desenvolva a sua marca pessoal e ferramentas de comunica\u00e7\u00e3o eficaz. A Reinvent Yourself fornece cursos e workshops de coaching executivo (executive coaching), Coaching de Lideran\u00e7a, e design thinking em Lisboa - Reinvent Yourself -","breadcrumb":{"@id":"https:\/\/reinventyourself.pt\/en\/coaching-mentoring\/#breadcrumb"},"inLanguage":"en-US","potentialAction":[{"@type":"ReadAction","target":["https:\/\/reinventyourself.pt\/en\/coaching-mentoring\/"]}]},{"@type":"BreadcrumbList","@id":"https:\/\/reinventyourself.pt\/en\/coaching-mentoring\/#breadcrumb","itemListElement":[{"@type":"ListItem","position":1,"name":"In\u00edcio","item":"https:\/\/reinventyourself.pt\/en\/home-curso-online-2-2\/"},{"@type":"ListItem","position":2,"name":"Coaching\/Mentoring"}]}]}},"_links":{"self":[{"href":"https:\/\/reinventyourself.pt\/en\/wp-json\/wp\/v2\/pages\/7973"}],"collection":[{"href":"https:\/\/reinventyourself.pt\/en\/wp-json\/wp\/v2\/pages"}],"about":[{"href":"https:\/\/reinventyourself.pt\/en\/wp-json\/wp\/v2\/types\/page"}],"author":[{"embeddable":true,"href":"https:\/\/reinventyourself.pt\/en\/wp-json\/wp\/v2\/users\/1"}],"replies":[{"embeddable":true,"href":"https:\/\/reinventyourself.pt\/en\/wp-json\/wp\/v2\/comments?post=7973"}],"version-history":[{"count":20,"href":"https:\/\/reinventyourself.pt\/en\/wp-json\/wp\/v2\/pages\/7973\/revisions"}],"predecessor-version":[{"id":8918,"href":"https:\/\/reinventyourself.pt\/en\/wp-json\/wp\/v2\/pages\/7973\/revisions\/8918"}],"wp:attachment":[{"href":"https:\/\/reinventyourself.pt\/en\/wp-json\/wp\/v2\/media?parent=7973"}],"curies":[{"name":"wp","href":"https:\/\/api.w.org\/{rel}","templated":true}]}}