{"id":8026,"date":"2014-04-06T19:37:53","date_gmt":"2014-04-06T19:37:53","guid":{"rendered":"https:\/\/reinventyourself.pt\/zen-energy\/"},"modified":"2020-05-25T16:51:36","modified_gmt":"2020-05-25T16:51:36","slug":"zen-energy","status":"publish","type":"page","link":"https:\/\/reinventyourself.pt\/en\/media\/zen-energy\/","title":{"rendered":"Articles"},"content":{"rendered":"<p>ENTREVISTA NA PME MAGAZINE<\/p>\n<p><a href=\"https:\/\/pmemagazine.sapo.pt\/o-poder-do-lego-serious-play-no-contexto-empresarial-2\/\">O Poder do Lego Serious Play no Contexto Empresarial<\/a><\/p>\n<p>ENTREVISTA REVISTA EDP ON<\/p>\n<p><a href=\"https:\/\/reinventyourself.pt\/wp\/wp-content\/uploads\/2019\/09\/edpON_Quem-e-quem_X-.pdf\">Import\u00e2ncia da Marca Pessoal<\/a><\/p>\n<p>SAPO 24<\/p>\n<p><a href=\"https:\/\/24.sapo.pt\/atualidade\/artigos\/manon-rosenboom-alves-despedi-me-no-dia-1-de-abril-a-minha-chefe-nao-queria-acreditar-mas-foi-uma-muito-boa-decisao?fbclid=IwAR0g_09mO5-3CkcXhK6xCb6Mzv2rTthQ_4OqcCNrBA62gOOxHLNQcWyxNGo\">A import\u00e2ncia de seguir os nossos sonhos de reinventar-nos<\/a><\/p>\n<p>REVISTA HUMAN RESOURCES PORTUGAL<\/p>\n<p>https:\/\/hrportugal.pt\/rock-in-rio-innovation-week-com-enfoque-nas-pessoas\/?fbclid=IwAR1vbeeCDHV40-iFT5ruuWy93JRcm5v-KNl2OJuZAxc5y5X-dMOifUSTozA<\/p>\n<p>REVISTA LUX WOMAN<\/p>\n<p>Artigo:\u00a0<a href=\"http:\/\/cmb.com.pt\/wp-content\/uploads\/2014\/04\/Somos-uma-Marca-Marketing-Pessoal.pdf\">Somos uma Marca &#8211; Marketing Pessoal<\/a><\/p>\n<p><span style=\"color: #800080;\">REVISTA RH MAGAZINE<\/span><\/p>\n<p>Artigo:\u00a0<a href=\"http:\/\/cmb.com.pt\/wp-content\/uploads\/2014\/04\/Como-uma-boa-marca-corporativa-pode-ajudar-na-marca-pessoal-do-colaborador.pdf\">Como uma boa marca corporativa pode ajudar na marca pessoal do colaborador<\/a><\/p>\n<p>Artigo:\u00a0<a href=\"http:\/\/cmb.com.pt\/wp-content\/uploads\/2014\/04\/Quatro-Dicas-de-Perseveran\u00e7a-e-Persist\u00eancia-que-o-levera\u00f5-ao-Sucesso.pdf\">Quatro Dicas de Perseveran\u00e7a e Persist\u00eancia que o levera\u00f5 ao Sucesso<\/a><\/p>\n<p><span style=\"color: #800080;\">REVISTA ZEN ENERGY<\/span><\/p>\n<p>Artigo:\u00a0<a href=\"http:\/\/cmb.com.pt\/wp-content\/uploads\/2014\/04\/Entrevista-sobre-Marca-Pessoal.pdf\">Entrevista sobre Marca Pessoal<\/a><\/p>\n<p><span style=\"color: #800080;\">REVISTA HUMAN CAPITAL ANGOLA<\/span><\/p>\n<p>Artigo: A Import\u00e2ncia de ter uma Marca Pessoal &#8211;\u00a0<a href=\"http:\/\/cmb.com.pt\/wp-content\/uploads\/2014\/04\/Revista-Human-Capital-Angola-Julho-n\u00ba1-2017.pdf\">Revista Human Capital Angola &#8211; Julho n\u00ba1 2017<\/a><\/p>\n<p><span style=\"color: #800080;\">REVISTA DO IT!<\/span><\/p>\n<p>Artigo:\u00a0<a href=\"http:\/\/cmb.com.pt\/wp-content\/uploads\/2014\/04\/Marketing-Pessoal-Imagem-Profissional-Um-case-study.pdf\">Marketing Pessoal &amp; Imagem Profissional &#8211; Um case study<\/a><\/p>\n<p>Artigo:\u00a0<a href=\"http:\/\/cmb.com.pt\/wp-content\/uploads\/2014\/04\/Manobra-a-Imagem-Profissional-com-Mestria-11.pdf\">manobra-a-imagem-profissional-com-mestria-1<\/a>+\u00a0<a href=\"http:\/\/cmb.com.pt\/wp-content\/uploads\/2014\/04\/Manobra-a-Imagem-Profissional-com-Mestria-2.pdf\">manobra-a-imagem-profissional-com-mestria-2<\/a><\/p>\n<p>Artigo:\u00a0<a href=\"http:\/\/cmb.com.pt\/wp-content\/uploads\/2014\/04\/Criar-Impacto-nas-suas-Reuni\u00f5es-e-Conven\u00e7\u00f5es-1.pdf\">criar-impacto-nas-suas-reunioes-e-convencoes-1<\/a> <a href=\"http:\/\/cmb.com.pt\/wp-content\/uploads\/2014\/04\/Criar-Impacto-nas-suas-Reuni\u00f5es-e-Conven\u00e7\u00f5es-2.pdf\">criar-impacto-nas-suas-reunioes-e-convencoes-2<\/a><\/p>\n<p><span style=\"color: #800080;\">REVISTA EXKLUSIVA<\/span><\/p>\n<p>Artigo:\u00a0<a href=\"http:\/\/cmb.com.pt\/wp-content\/uploads\/2014\/04\/Dicas-para-causar-uma-boa-primeira-impess\u00e3o.pdf\">Dicas para causar uma boa primeira impess\u00e3o<\/a><\/p>\n<p><span style=\"color: #800080;\">REVISTA HUMAN<\/span><\/p>\n<p>Artigo:\u00a0<a href=\"http:\/\/cmb.com.pt\/wp-content\/uploads\/2014\/04\/Case-Study-Marketing-Pessoal.pdf\">case-study-marketing-pessoal<\/a><\/p>\n<p>Artigo:\u00a0<a href=\"http:\/\/cmb.com.pt\/wp-content\/uploads\/2014\/04\/Marca-Pessoal_Revista-Human-0516.pdf\">Marca Pessoal_Revista Human 0516<\/a><\/p>\n<p>Artigo:\u00a0<a href=\"http:\/\/cmb.com.pt\/wp-content\/uploads\/2014\/04\/Do-cub\u00edculo-para-o-Cocktail.pdf\">Do cub\u00edculo para o Cocktail<\/a><\/p>\n<p>Artigo: <span style=\"color: #0000ff;\"><a style=\"color: #0000ff;\" href=\"http:\/\/cmb.com.pt\/wp-content\/uploads\/2014\/04\/O-que-as-pessoas-realmente-querem-dizer.pdf\">O que as pessoas realmente querem dizer<\/a><\/span><\/p>\n<p><span style=\"color: #800080;\">SALDO POSITIVO<\/span><\/p>\n<p>Artigo: <span style=\"color: #0000ff;\"><a style=\"color: #0000ff;\" title=\"Como melhorar a sua imagem enquanto empres\u00e1rio\" href=\"http:\/\/saldopositivo.cgd.pt\/empresas\/como-melhorar-sua-imagem-enquanto-empresario\/\">Como melhorar a sua imagem enquanto empres\u00e1rio<\/a><\/span><\/p>\n<p><span style=\"color: #800080;\">MULHER EXECUTIVA<\/span><\/p>\n<p>Artigo: <span style=\"color: #0000ff;\"><a style=\"color: #0000ff;\" href=\"http:\/\/executiva.pt\/erros-que-a-fazem-parecer-mais-velha\/\">Erros que a fazem parecer mais velha<\/a><\/span><\/p>\n<p><span style=\"color: #800080;\">REVISTA COSMOPOLITAN\u00a0<\/span><\/p>\n<p><a href=\"http:\/\/cmb.com.pt\/wp-content\/uploads\/2014\/04\/Cosmo-Out13.png\"><img loading=\"lazy\" class=\"alignleft wp-image-1282 size-medium\" src=\"http:\/\/cmb.com.pt\/wp-content\/uploads\/2014\/04\/Cosmo-Out13-300x196.png\" alt=\"Cosmo Out13\" width=\"300\" height=\"196\" \/><\/a><\/p>\n<p>Artigo: <a href=\"http:\/\/www.cmb.com.pt\/imagens\/media\/050_051_TST_Empreendedorismo-2%20Cosmo%20Out13.jpg\" target=\"_blank\" rel=\"noopener noreferrer\">Conselhos para uma boa imagem profissional<\/a><\/p>\n<p><span style=\"color: #800080;\">LIFESTYLE SAPO<\/span><\/p>\n<p>Artigo:\u00a0<span style=\"color: #0000ff;\"><a style=\"color: #0000ff;\" href=\"http:\/\/lifestyle.sapo.pt\/vida-e-carreira\/dinheiro-e-carreira\/artigos\/manon-rosenboom-alves-quem-sabe-qual-e-a-sua-marca-sente-e-transmite-mais-confianca\">http:\/\/lifestyle.sapo.pt\/vida-e-carreira\/dinheiro-e-carreira\/artigos\/manon-rosenboom-alves-quem-sabe-qual-e-a-sua-marca-sente-e-transmite-mais-confianca<\/a><\/span><\/p>\n<p><span style=\"color: #800080;\">REVISTA SA\u00daDE NATURAL<a href=\"http:\/\/cmb.com.pt\/wp-content\/uploads\/2014\/04\/mudar-de-look.jpg\"><img loading=\"lazy\" class=\"alignright wp-image-1741 size-thumbnail\" src=\"http:\/\/cmb.com.pt\/wp-content\/uploads\/2014\/04\/mudar-de-look-150x150.jpg\" alt=\"mudar-de-look\" width=\"150\" height=\"150\" \/><\/a><\/span><\/p>\n<p>Artigo:\u00a0<a href=\"http:\/\/cmb.com.pt\/wp-content\/uploads\/2014\/04\/Mudar-de-Look-Mudar-de-Vida.pdf\">mudar-de-look-mudar-de-vida<\/a><\/p>\n<p><span style=\"color: #800080;\">REVISTA ZEN ENERGY<\/span><\/p>\n<p>Artigo:\u00a0<a href=\"http:\/\/cmb.com.pt\/wp-content\/uploads\/2014\/04\/Linguagem-Corporal-a-Linguagem-silenciosa-que-fala-mais-alta-do-que-a-voz.pdf\">Linguagem Corporal &#8211; a Linguagem silenciosa que fala mais alta do que a voz<\/a><\/p>\n<p>Artigo:\u00a0<a href=\"http:\/\/cmb.com.pt\/wp-content\/uploads\/2014\/04\/Imagem-deslumbrante-no-Natal-Ano-Novo.pdf\">imagem-deslumbrante-no-natal-ano-novo<\/a><\/p>\n<p>Artigo:\u00a0<a href=\"http:\/\/cmb.com.pt\/wp-content\/uploads\/2014\/04\/Tend\u00eancias-Outono-Inverno.pdf\">tendencias-outono-inverno<\/a><\/p>\n<p>Artigo:\u00a0<a href=\"http:\/\/cmb.com.pt\/wp-content\/uploads\/2014\/04\/Cuidades-beleza-e-imagem-no-ver\u00e3o.pdf\">Cuidades beleza e imagem no ver\u00e3o<\/a><\/p>\n<p>Artigo:\u00a0<a href=\"http:\/\/cmb.com.pt\/wp-content\/uploads\/2014\/04\/Roupa-como-ferramenta-de-comunica\u00e7\u00e3o.pdf\">Roupa como ferramenta de comunica\u00e7\u00e3o<\/a><\/p>\n<p>Artigo:\u00a0<a href=\"http:\/\/cmb.com.pt\/wp-content\/uploads\/2014\/04\/Beleza-e-felicidade-Zen.pdf\">Beleza e felicidade Zen<\/a><\/p>\n<p>Artigo:\u00a0<a href=\"http:\/\/cmb.com.pt\/wp-content\/uploads\/2014\/04\/Como-criar-um-guarda-roupa-que-d\u00e1-confian\u00e7a.docx1.pdf\">Como criar um guarda-roupa que d\u00e1 confian\u00e7a<\/a><\/p>\n<p>Artigo:\u00a0<a href=\"http:\/\/cmb.com.pt\/wp-content\/uploads\/2014\/04\/Como-criar-as-sobrancelhas-certas-para-si.pdf\">Como criar as sobrancelhas certas para si<\/a><\/p>\n<p><a href=\"http:\/\/cmb.com.pt\/wp-content\/uploads\/2014\/04\/Como-criar-as-sobrancelhas-certas-para-si.jpg\"><img loading=\"lazy\" class=\"alignright size-medium wp-image-1380\" src=\"http:\/\/cmb.com.pt\/wp-content\/uploads\/2014\/04\/Como-criar-as-sobrancelhas-certas-para-si-300x201.jpg\" alt=\"Como criar as sobrancelhas certas para si\" width=\"300\" height=\"201\" \/><\/a><\/p>\n<p>Artigo:\u00a0<a href=\"http:\/\/cmb.com.pt\/wp-content\/uploads\/2014\/04\/A-febre-do-Denim.pdf\">A febre do Denim<\/a>!<\/p>\n<p>Artigo:\u00a0<a href=\"http:\/\/cmb.com.pt\/wp-content\/uploads\/2014\/04\/Preparar-o-arm\u00e1rio-para-o-ver\u00e3o.pdf\">Preparar o arm\u00e1rio para o ver\u00e3o<\/a><\/p>\n<p>Artigo:\u00a0<a href=\"http:\/\/cmb.com.pt\/wp-content\/uploads\/2014\/04\/A-import\u00e2ncia-da-sobrancelha-e-como-criar-a-forma-perfeita.pdf\">A import\u00e2ncia da sobrancelha e como criar a forma perfeita<\/a><\/p>\n<p>Artigo:\u00a0<a href=\"http:\/\/cmb.com.pt\/wp-content\/uploads\/2014\/04\/Como-usar-o-len\u00e7o-e-outros-acess\u00f3rios-no-inverno.pdf\">Como usar o len\u00e7o e outros acess\u00f3rios no inverno<\/a><\/p>\n<p>Artigo:\u00a0<a href=\"http:\/\/cmb.com.pt\/wp-content\/uploads\/2014\/04\/Tend\u00eancias-Outono-Inverno-2015-Zen.pdf\">Tend\u00eancias Outono Inverno 2015 Zen<\/a><\/p>\n<p>Artigo:\u00a0<a href=\"http:\/\/cmb.com.pt\/wp-content\/uploads\/2014\/07\/Beleza-auto-confian\u00e7a-e-felicidade.pdf\">Beleza auto-confian\u00e7a e felicidade<\/a><\/p>\n<p>Artigo:\u00a0<a href=\"http:\/\/cmb.com.pt\/wp-content\/uploads\/2014\/07\/28-29-Truques-caseiros.pdf\">Truques de Beleza caseiros<\/a><\/p>\n<p>Artigo:\u00a0<a href=\"http:\/\/cmb.com.pt\/wp-content\/uploads\/2014\/05\/12-erros-de-etiqueta.pdf\">Os 12 erros de etiqueta que n\u00e3o deve cometer no local de trabalho<\/a><\/p>\n<p>Artigo:\u00a0<a href=\"http:\/\/cmb.com.pt\/wp-content\/uploads\/2014\/05\/O-segredo-para-vestir-se-bem-Conhe\u00e7a-o-seu-corpo.pdf\">O segredo para vestir-se bem; Conhe\u00e7a o seu corpo<\/a><\/p>\n<p>Artigo: <a href=\"http:\/\/cmb.com.pt\/imagens\/media\/050_051_TST_Empreendedorismo-2%20Cosmo%20Out13.jpg\" target=\"_blank\" rel=\"noopener noreferrer\">&#8216;Mudar de Look, mudar de Vida&#8217;<\/a><\/p>\n<p>Artigo: <a href=\"http:\/\/cmb.com.pt\/pdf\/zen-julho-2013.pdf\" target=\"_blank\" rel=\"noopener noreferrer\">Conselhos sobre os Saltos Altos<\/a><\/p>\n<p>Artigo: <a href=\"http:\/\/cmb.com.pt\/pdf\/zen-setembro-2012.pdf\" target=\"_blank\" rel=\"noopener noreferrer\">&#8220;Cuidados com a Imagem depois do Ver\u00e3o&#8221;<\/a><\/p>\n<p>Artigo: <a href=\"http:\/\/cmb.com.pt\/pdf\/zen-arrumacao-fev12.pdf\" target=\"_blank\" rel=\"noopener noreferrer\">&#8220;10 Dicas para criar uma casa mais arrumada e harmoniosa&#8221;<\/a><\/p>\n<p><span style=\"color: #800080;\">ACTIVA\u00a0 e ACTIVA- ONLINE<\/span><\/p>\n<p>Artigo: <a href=\"http:\/\/cmb.com.pt\/pdf\/Activa.PDF\" target=\"_blank\" rel=\"noopener noreferrer\">Acerte no seu estilo<\/a><\/p>\n<p>Veja os nossos artigos sobre moda, tend\u00eancias, beleza, maquilhagem, etc. na Activa on-line em:<\/p>\n<p><a href=\"http:\/\/activa.sapo.pt\/moda\/consultorio\/\" target=\"_blank\" rel=\"noopener noreferrer\">http:\/\/activa.sapo.pt\/moda\/consultorio\/<\/a><\/p>\n<p><span style=\"color: #800080;\">REVISTA SECRETS<\/span><\/p>\n<p>Veja o nosso artigo sobre as <a href=\"http:\/\/cmb.com.pt\/pdf\/revista_secrets_outono_2010.pdf\" target=\"_blank\" rel=\"noopener noreferrer\">tend\u00eancias na maquilhagem para o Outono\/Inverno 2010-2011 na Revista Secrets.<\/a><\/p>\n<p><span style=\"color: #800080;\">REVISTA GINGKO<\/span><\/p>\n<p>Veja como pode fazer <a href=\"http:\/\/cmb.com.pt\/pdf\/dieta_roupa_gingko_28.pdf\" target=\"_blank\" rel=\"noopener noreferrer\">6 looks diferentes com apenas 6 pe\u00e7as!<\/a><\/p>\n<p><a href=\"http:\/\/cmb.com.pt\/pdf\/Gingko.PDF\" target=\"_blank\" rel=\"noopener noreferrer\">Auto-Estima<\/a><\/p>\n<p><span style=\"color: #800080;\">DI\u00c1RIO ECON\u00d3MICO<\/span><\/p>\n<p><a href=\"http:\/\/www.indianrose.pt\/uploads\/DE1.pdf\" target=\"_blank\" rel=\"noopener noreferrer\">Como pode melhorar a imageme subir na carreira<\/a><\/p>\n<p><a href=\"http:\/\/www.indianrose.pt\/uploads\/DE2.pdf\" target=\"_blank\" rel=\"noopener noreferrer\">\u201cBeleza pode ser, em muitos casos, fundamental\u201d<\/a><\/p>\n<p><a href=\"http:\/\/www.indianrose.pt\/uploads\/DE3.pdf\" target=\"_blank\" rel=\"noopener noreferrer\">T\u00e1cticas para melhorar o desempenho em reuni\u00f5es de trabalho<\/a><\/p>\n<p><span style=\"color: #800080;\">A JANELA<\/span><\/p>\n<h4><a href=\"http:\/\/cmb.com.pt\/pdf\/June2009.pdf\" target=\"_blank\" rel=\"noopener noreferrer\">Colour me beautiful na &#8216;A Janela&#8217; Maio\/Junho 2009<\/a><\/h4>\n<p><span style=\"color: #800080;\">RITUAIS<\/span><\/p>\n<p><a href=\"http:\/\/cmb.com.pt\/pdf\/Rituais.PDF\" target=\"_blank\" rel=\"noopener noreferrer\">Mudan\u00e7a de Imagem<\/a><\/p>\n","protected":false},"excerpt":{"rendered":"<p>ENTREVISTA NA PME MAGAZINE O Poder do Lego Serious Play no Contexto Empresarial ENTREVISTA REVISTA EDP ON Import\u00e2ncia da Marca Pessoal SAPO 24 A import\u00e2ncia de seguir os nossos sonhos de reinventar-nos REVISTA HUMAN RESOURCES PORTUGAL https:\/\/hrportugal.pt\/rock-in-rio-innovation-week-com-enfoque-nas-pessoas\/?fbclid=IwAR1vbeeCDHV40-iFT5ruuWy93JRcm5v-KNl2OJuZAxc5y5X-dMOifUSTozA REVISTA LUX WOMAN Artigo:\u00a0Somos uma Marca &#8211; Marketing Pessoal REVISTA RH MAGAZINE Artigo:\u00a0Como uma boa marca corporativa pode ajudar na marca pessoal do colaborador Artigo:\u00a0Quatro Dicas de Perseveran\u00e7a e Persist\u00eancia que o levera\u00f5 ao Sucesso REVISTA ZEN ENERGY&#8230;<\/p>\n","protected":false},"author":1,"featured_media":0,"parent":8030,"menu_order":0,"comment_status":"open","ping_status":"closed","template":"","meta":[],"yoast_head":"<!-- This site is optimized with the Yoast SEO plugin v16.9 - https:\/\/yoast.com\/wordpress\/plugins\/seo\/ -->\n<title>Articles | Personal branding, design thinking, Coaching Lideran\u00e7a, executive coaching e comunica\u00e7\u00e3o eficaz em Lisboa - Reinvent Yourself -<\/title>\n<meta name=\"description\" content=\"Desenvolva a sua marca pessoal e ferramentas de comunica\u00e7\u00e3o eficaz. A Reinvent Yourself fornece cursos e workshops de coaching executivo (executive coaching), Coaching de Lideran\u00e7a, e design thinking em Lisboa - Reinvent Yourself -\" \/>\n<meta name=\"robots\" content=\"index, follow, max-snippet:-1, max-image-preview:large, max-video-preview:-1\" \/>\n<link rel=\"canonical\" href=\"https:\/\/reinventyourself.pt\/en\/media\/zen-energy\/\" \/>\n<meta property=\"og:locale\" content=\"en_US\" \/>\n<meta property=\"og:type\" content=\"article\" \/>\n<meta property=\"og:title\" content=\"Articles | Personal branding, design thinking, Coaching Lideran\u00e7a, executive coaching e comunica\u00e7\u00e3o eficaz em Lisboa - Reinvent Yourself -\" \/>\n<meta property=\"og:description\" content=\"Desenvolva a sua marca pessoal e ferramentas de comunica\u00e7\u00e3o eficaz. A Reinvent Yourself fornece cursos e workshops de coaching executivo (executive coaching), Coaching de Lideran\u00e7a, e design thinking em Lisboa - Reinvent Yourself -\" \/>\n<meta property=\"og:url\" content=\"https:\/\/reinventyourself.pt\/en\/media\/zen-energy\/\" \/>\n<meta property=\"og:site_name\" content=\"Reinvent Yourself\" \/>\n<meta property=\"article:modified_time\" content=\"2020-05-25T16:51:36+00:00\" \/>\n<meta property=\"og:image\" content=\"http:\/\/cmb.com.pt\/wp-content\/uploads\/2014\/04\/Cosmo-Out13-300x196.png\" \/>\n<meta name=\"twitter:card\" content=\"summary\" \/>\n<meta name=\"twitter:label1\" content=\"Est. reading time\" \/>\n\t<meta name=\"twitter:data1\" content=\"3 minutes\" \/>\n<script type=\"application\/ld+json\" class=\"yoast-schema-graph\">{\"@context\":\"https:\/\/schema.org\",\"@graph\":[{\"@type\":\"WebSite\",\"@id\":\"https:\/\/reinventyourself.pt\/#website\",\"url\":\"https:\/\/reinventyourself.pt\/\",\"name\":\"Reinvent Yourself\",\"description\":\"Reinvent Yourself\",\"potentialAction\":[{\"@type\":\"SearchAction\",\"target\":{\"@type\":\"EntryPoint\",\"urlTemplate\":\"https:\/\/reinventyourself.pt\/?s={search_term_string}\"},\"query-input\":\"required name=search_term_string\"}],\"inLanguage\":\"en-US\"},{\"@type\":\"ImageObject\",\"@id\":\"https:\/\/reinventyourself.pt\/en\/media\/zen-energy\/#primaryimage\",\"inLanguage\":\"en-US\",\"url\":\"http:\/\/cmb.com.pt\/wp-content\/uploads\/2014\/04\/Cosmo-Out13-300x196.png\",\"contentUrl\":\"http:\/\/cmb.com.pt\/wp-content\/uploads\/2014\/04\/Cosmo-Out13-300x196.png\"},{\"@type\":\"WebPage\",\"@id\":\"https:\/\/reinventyourself.pt\/en\/media\/zen-energy\/#webpage\",\"url\":\"https:\/\/reinventyourself.pt\/en\/media\/zen-energy\/\",\"name\":\"Articles | Personal branding, design thinking, Coaching Lideran\\u00e7a, executive coaching e comunica\\u00e7\\u00e3o eficaz em Lisboa - Reinvent Yourself -\",\"isPartOf\":{\"@id\":\"https:\/\/reinventyourself.pt\/#website\"},\"primaryImageOfPage\":{\"@id\":\"https:\/\/reinventyourself.pt\/en\/media\/zen-energy\/#primaryimage\"},\"datePublished\":\"2014-04-06T19:37:53+00:00\",\"dateModified\":\"2020-05-25T16:51:36+00:00\",\"description\":\"Desenvolva a sua marca pessoal e ferramentas de comunica\\u00e7\\u00e3o eficaz. A Reinvent Yourself fornece cursos e workshops de coaching executivo (executive coaching), Coaching de Lideran\\u00e7a, e design thinking em Lisboa - Reinvent Yourself -\",\"breadcrumb\":{\"@id\":\"https:\/\/reinventyourself.pt\/en\/media\/zen-energy\/#breadcrumb\"},\"inLanguage\":\"en-US\",\"potentialAction\":[{\"@type\":\"ReadAction\",\"target\":[\"https:\/\/reinventyourself.pt\/en\/media\/zen-energy\/\"]}]},{\"@type\":\"BreadcrumbList\",\"@id\":\"https:\/\/reinventyourself.pt\/en\/media\/zen-energy\/#breadcrumb\",\"itemListElement\":[{\"@type\":\"ListItem\",\"position\":1,\"name\":\"In\\u00edcio\",\"item\":\"https:\/\/reinventyourself.pt\/en\/home-curso-online-2-2\/\"},{\"@type\":\"ListItem\",\"position\":2,\"name\":\"Media\",\"item\":\"https:\/\/reinventyourself.pt\/en\/media\/\"},{\"@type\":\"ListItem\",\"position\":3,\"name\":\"Articles\"}]}]}<\/script>\n<!-- \/ Yoast SEO plugin. -->","yoast_head_json":{"title":"Articles | Personal branding, design thinking, Coaching Lideran\u00e7a, executive coaching e comunica\u00e7\u00e3o eficaz em Lisboa - Reinvent Yourself -","description":"Desenvolva a sua marca pessoal e ferramentas de comunica\u00e7\u00e3o eficaz. A Reinvent Yourself fornece cursos e workshops de coaching executivo (executive coaching), Coaching de Lideran\u00e7a, e design thinking em Lisboa - Reinvent Yourself -","robots":{"index":"index","follow":"follow","max-snippet":"max-snippet:-1","max-image-preview":"max-image-preview:large","max-video-preview":"max-video-preview:-1"},"canonical":"https:\/\/reinventyourself.pt\/en\/media\/zen-energy\/","og_locale":"en_US","og_type":"article","og_title":"Articles | Personal branding, design thinking, Coaching Lideran\u00e7a, executive coaching e comunica\u00e7\u00e3o eficaz em Lisboa - Reinvent Yourself -","og_description":"Desenvolva a sua marca pessoal e ferramentas de comunica\u00e7\u00e3o eficaz. A Reinvent Yourself fornece cursos e workshops de coaching executivo (executive coaching), Coaching de Lideran\u00e7a, e design thinking em Lisboa - Reinvent Yourself -","og_url":"https:\/\/reinventyourself.pt\/en\/media\/zen-energy\/","og_site_name":"Reinvent Yourself","article_modified_time":"2020-05-25T16:51:36+00:00","og_image":[{"url":"http:\/\/cmb.com.pt\/wp-content\/uploads\/2014\/04\/Cosmo-Out13-300x196.png"}],"twitter_card":"summary","twitter_misc":{"Est. reading time":"3 minutes"},"schema":{"@context":"https:\/\/schema.org","@graph":[{"@type":"WebSite","@id":"https:\/\/reinventyourself.pt\/#website","url":"https:\/\/reinventyourself.pt\/","name":"Reinvent Yourself","description":"Reinvent Yourself","potentialAction":[{"@type":"SearchAction","target":{"@type":"EntryPoint","urlTemplate":"https:\/\/reinventyourself.pt\/?s={search_term_string}"},"query-input":"required name=search_term_string"}],"inLanguage":"en-US"},{"@type":"ImageObject","@id":"https:\/\/reinventyourself.pt\/en\/media\/zen-energy\/#primaryimage","inLanguage":"en-US","url":"http:\/\/cmb.com.pt\/wp-content\/uploads\/2014\/04\/Cosmo-Out13-300x196.png","contentUrl":"http:\/\/cmb.com.pt\/wp-content\/uploads\/2014\/04\/Cosmo-Out13-300x196.png"},{"@type":"WebPage","@id":"https:\/\/reinventyourself.pt\/en\/media\/zen-energy\/#webpage","url":"https:\/\/reinventyourself.pt\/en\/media\/zen-energy\/","name":"Articles | Personal branding, design thinking, Coaching Lideran\u00e7a, executive coaching e comunica\u00e7\u00e3o eficaz em Lisboa - Reinvent Yourself -","isPartOf":{"@id":"https:\/\/reinventyourself.pt\/#website"},"primaryImageOfPage":{"@id":"https:\/\/reinventyourself.pt\/en\/media\/zen-energy\/#primaryimage"},"datePublished":"2014-04-06T19:37:53+00:00","dateModified":"2020-05-25T16:51:36+00:00","description":"Desenvolva a sua marca pessoal e ferramentas de comunica\u00e7\u00e3o eficaz. A Reinvent Yourself fornece cursos e workshops de coaching executivo (executive coaching), Coaching de Lideran\u00e7a, e design thinking em Lisboa - Reinvent Yourself -","breadcrumb":{"@id":"https:\/\/reinventyourself.pt\/en\/media\/zen-energy\/#breadcrumb"},"inLanguage":"en-US","potentialAction":[{"@type":"ReadAction","target":["https:\/\/reinventyourself.pt\/en\/media\/zen-energy\/"]}]},{"@type":"BreadcrumbList","@id":"https:\/\/reinventyourself.pt\/en\/media\/zen-energy\/#breadcrumb","itemListElement":[{"@type":"ListItem","position":1,"name":"In\u00edcio","item":"https:\/\/reinventyourself.pt\/en\/home-curso-online-2-2\/"},{"@type":"ListItem","position":2,"name":"Media","item":"https:\/\/reinventyourself.pt\/en\/media\/"},{"@type":"ListItem","position":3,"name":"Articles"}]}]}},"_links":{"self":[{"href":"https:\/\/reinventyourself.pt\/en\/wp-json\/wp\/v2\/pages\/8026"}],"collection":[{"href":"https:\/\/reinventyourself.pt\/en\/wp-json\/wp\/v2\/pages"}],"about":[{"href":"https:\/\/reinventyourself.pt\/en\/wp-json\/wp\/v2\/types\/page"}],"author":[{"embeddable":true,"href":"https:\/\/reinventyourself.pt\/en\/wp-json\/wp\/v2\/users\/1"}],"replies":[{"embeddable":true,"href":"https:\/\/reinventyourself.pt\/en\/wp-json\/wp\/v2\/comments?post=8026"}],"version-history":[{"count":2,"href":"https:\/\/reinventyourself.pt\/en\/wp-json\/wp\/v2\/pages\/8026\/revisions"}],"predecessor-version":[{"id":8037,"href":"https:\/\/reinventyourself.pt\/en\/wp-json\/wp\/v2\/pages\/8026\/revisions\/8037"}],"up":[{"embeddable":true,"href":"https:\/\/reinventyourself.pt\/en\/wp-json\/wp\/v2\/pages\/8030"}],"wp:attachment":[{"href":"https:\/\/reinventyourself.pt\/en\/wp-json\/wp\/v2\/media?parent=8026"}],"curies":[{"name":"wp","href":"https:\/\/api.w.org\/{rel}","templated":true}]}}