{"id":8036,"date":"2014-04-06T19:38:06","date_gmt":"2014-04-06T19:38:06","guid":{"rendered":"https:\/\/reinventyourself.pt\/media\/videos\/"},"modified":"2020-05-25T16:51:43","modified_gmt":"2020-05-25T16:51:43","slug":"videos","status":"publish","type":"page","link":"https:\/\/reinventyourself.pt\/en\/media\/videos\/","title":{"rendered":"Videos"},"content":{"rendered":"<p><strong>SIC Mulher &#8211; Como a Criatividade pode Salvar o seu Emprego<\/strong><\/p>\n<p>http:\/\/sicmulher.sapo.pt\/programas\/faz-sentido\/videos\/2018-03-21-Sabia-que-a-criatividade-pode-salvar-o-seu-emprego-<\/p>\n<p>&nbsp;<\/p>\n<p><strong>Revista Activa<\/strong><\/p>\n<p><iframe width=\"870\" height=\"489\" src=\"https:\/\/www.youtube.com\/embed\/yRyqPOlfoig?feature=oembed\"  allow=\"accelerometer; autoplay; encrypted-media; gyroscope; picture-in-picture\" allowfullscreen><\/iframe><\/p>\n<p>&nbsp;<\/p>\n<p><iframe width=\"870\" height=\"489\" src=\"https:\/\/www.youtube.com\/embed\/MU6KE2DvUeI?feature=oembed\"  allow=\"accelerometer; autoplay; encrypted-media; gyroscope; picture-in-picture\" allowfullscreen><\/iframe><\/p>\n<p>&nbsp;<\/p>\n<p><iframe width=\"870\" height=\"489\" src=\"https:\/\/www.youtube.com\/embed\/6z2rIJNnHDY?feature=oembed\"  allow=\"accelerometer; autoplay; encrypted-media; gyroscope; picture-in-picture\" allowfullscreen><\/iframe><\/p>\n<p>&nbsp;<\/p>\n<p><strong>Sic Mulher &#8211; Faz Sentido com\u00a0Ana Rita Clara<\/strong><\/p>\n<p>Entrevista sobre como criar uma marca pessoal de sucesso:<\/p>\n<p>Link: http:\/\/sicmulher.sapo.pt\/programas\/faz-sentido\/videos\/2017-05-23-Imagem-Profissional-e-Estilo<\/p>\n<p>Entrevista sobre o livro &#8216;Marca Pessoal, SA &#8211; Como Comunicar, Agir e Vestir a sua Marca Pessoal para ter mais Sucesso&#8217;:<\/p>\n<p>Link:\u00a0http:\/\/sicmulher.sapo.pt\/programas\/faz-sentido\/videos\/2017-03-17-Marca-Pessoal<\/p>\n<p>&nbsp;<\/p>\n<p><strong>Kuriakos TV &#8211; Conversa de Mulheres<\/strong><\/p>\n<p>Entrevista sobre a import\u00e2ncia do work\/life balance: Entrevista com <a href=\"https:\/\/www.facebook.com\/1828056784148333\/videos\/1906058966348114\/\">Manon Rosenboom Alves<\/a><\/p>\n<p>Entrevista sobre a import\u00e2ncia da linguagem n\u00e3o-verbal: Entrevista com <a href=\"https:\/\/www.facebook.com\/1828056784148333\/videos\/1887498231537521\/\">Manon Rosenboom Alves\u00a0<\/a><\/p>\n<p>Entrevista sobre os Servi\u00e7os da CMB e lan\u00e7amento do livro &#8216;Marca Pessoal, SA &#8211; Como Comunicar, Agir e Vestir a sua Marca Pessoal para ter mais Sucesso&#8217;<\/p>\n<p>Clicar no link:\u00a0<a href=\"https:\/\/www.facebook.com\/1828056784148333\/videos\/1862225204064824\/\">Entrevista com Manon Rosenboom Alves<\/a><\/p>\n<p>&nbsp;<\/p>\n<p><b>Cuide do seu Corpo \u2013 Mudan\u00e7a de Visual\u00a0<\/b><br \/>\nMudan\u00e7a de Visual no programa do &#8216;Cuide do seu Corpo&#8217; com a Colour me Beautiful.<br \/>\n<iframe src=\"\/\/www.youtube.com\/embed\/laEnoEwJXvc\" width=\"420\" height=\"315\" frameborder=\"0\" allowfullscreen=\"allowfullscreen\"><\/iframe><\/p>\n<p><strong>Cuide do seu Corpo \u2013 Demonstra\u00e7\u00e3o de Cores\u00a0<\/strong><br \/>\nNeste programa do &#8216;Cuide do seu Corpo&#8217; a Colour me Beautiful Portugal fala da import\u00e2ncia da cor e mostra quais as cores ficam bem a cada pessoa.<\/p>\n<p><iframe src=\"\/\/www.youtube.com\/embed\/o07OYxLJDlI\" width=\"420\" height=\"315\" frameborder=\"0\" allowfullscreen=\"allowfullscreen\"><\/iframe><\/p>\n<p>A Colour me Beautiful fala dos v\u00e1rios aspectos relativamente a uma boa imagem e dos cuidados a ter no ver\u00e3o no programa \u2018Ci\u00eancia e Sa\u00fade\u2019 da <strong>R\u00e1dio Horizonte FM<\/strong>.<br \/>\n<iframe src=\"\/\/www.youtube.com\/embed\/cjxJz7kGI4Q\" width=\"420\" height=\"315\" frameborder=\"0\" allowfullscreen=\"allowfullscreen\"><\/iframe><\/p>\n<p>A Colour me Beautiful no programa \u2018Pra\u00e7a da alegria\u2019 do RTP \u2013 Mudan\u00e7a de Visual (2011)<\/p>\n<p><iframe src=\"\/\/www.youtube.com\/embed\/bSpbc-kPW-U\" width=\"420\" height=\"315\" frameborder=\"0\" allowfullscreen=\"allowfullscreen\"><\/iframe><\/p>\n<p>&nbsp;<\/p>\n<p>Mudan\u00e7a de Visual com a Colour me Beautiful na Caixa Woman<\/p>\n<p><iframe src=\"\/\/www.youtube.com\/embed\/OFW1zchuBIA\" width=\"420\" height=\"315\" frameborder=\"0\" allowfullscreen=\"allowfullscreen\"><\/iframe><\/p>\n","protected":false},"excerpt":{"rendered":"<p>SIC Mulher &#8211; Como a Criatividade pode Salvar o seu Emprego http:\/\/sicmulher.sapo.pt\/programas\/faz-sentido\/videos\/2018-03-21-Sabia-que-a-criatividade-pode-salvar-o-seu-emprego- &nbsp; Revista Activa &nbsp; &nbsp; &nbsp; Sic Mulher &#8211; Faz Sentido com\u00a0Ana Rita Clara Entrevista sobre como criar uma marca pessoal de sucesso: Link: http:\/\/sicmulher.sapo.pt\/programas\/faz-sentido\/videos\/2017-05-23-Imagem-Profissional-e-Estilo Entrevista sobre o livro &#8216;Marca Pessoal, SA &#8211; Como Comunicar, Agir e Vestir a sua Marca Pessoal para ter mais Sucesso&#8217;: Link:\u00a0http:\/\/sicmulher.sapo.pt\/programas\/faz-sentido\/videos\/2017-03-17-Marca-Pessoal &nbsp; Kuriakos TV &#8211; Conversa de Mulheres Entrevista sobre a import\u00e2ncia do work\/life balance: Entrevista com&#8230;<\/p>\n","protected":false},"author":5,"featured_media":0,"parent":8030,"menu_order":0,"comment_status":"open","ping_status":"closed","template":"","meta":[],"yoast_head":"<!-- This site is optimized with the Yoast SEO plugin v16.9 - https:\/\/yoast.com\/wordpress\/plugins\/seo\/ -->\n<title>Videos | Personal branding, design thinking, Coaching Lideran\u00e7a, executive coaching e comunica\u00e7\u00e3o eficaz em Lisboa - Reinvent Yourself -<\/title>\n<meta name=\"description\" content=\"Desenvolva a sua marca pessoal e ferramentas de comunica\u00e7\u00e3o eficaz. A Reinvent Yourself fornece cursos e workshops de coaching executivo (executive coaching), Coaching de Lideran\u00e7a, e design thinking em Lisboa - Reinvent Yourself -\" \/>\n<meta name=\"robots\" content=\"index, follow, max-snippet:-1, max-image-preview:large, max-video-preview:-1\" \/>\n<link rel=\"canonical\" href=\"https:\/\/reinventyourself.pt\/en\/media\/videos\/\" \/>\n<meta property=\"og:locale\" content=\"en_US\" \/>\n<meta property=\"og:type\" content=\"article\" \/>\n<meta property=\"og:title\" content=\"Videos | Personal branding, design thinking, Coaching Lideran\u00e7a, executive coaching e comunica\u00e7\u00e3o eficaz em Lisboa - Reinvent Yourself -\" \/>\n<meta property=\"og:description\" content=\"Desenvolva a sua marca pessoal e ferramentas de comunica\u00e7\u00e3o eficaz. A Reinvent Yourself fornece cursos e workshops de coaching executivo (executive coaching), Coaching de Lideran\u00e7a, e design thinking em Lisboa - Reinvent Yourself -\" \/>\n<meta property=\"og:url\" content=\"https:\/\/reinventyourself.pt\/en\/media\/videos\/\" \/>\n<meta property=\"og:site_name\" content=\"Reinvent Yourself\" \/>\n<meta property=\"article:modified_time\" content=\"2020-05-25T16:51:43+00:00\" \/>\n<meta name=\"twitter:card\" content=\"summary\" \/>\n<meta name=\"twitter:label1\" content=\"Est. reading time\" \/>\n\t<meta name=\"twitter:data1\" content=\"1 minute\" \/>\n<script type=\"application\/ld+json\" class=\"yoast-schema-graph\">{\"@context\":\"https:\/\/schema.org\",\"@graph\":[{\"@type\":\"WebSite\",\"@id\":\"https:\/\/reinventyourself.pt\/#website\",\"url\":\"https:\/\/reinventyourself.pt\/\",\"name\":\"Reinvent Yourself\",\"description\":\"Reinvent Yourself\",\"potentialAction\":[{\"@type\":\"SearchAction\",\"target\":{\"@type\":\"EntryPoint\",\"urlTemplate\":\"https:\/\/reinventyourself.pt\/?s={search_term_string}\"},\"query-input\":\"required name=search_term_string\"}],\"inLanguage\":\"en-US\"},{\"@type\":\"WebPage\",\"@id\":\"https:\/\/reinventyourself.pt\/en\/media\/videos\/#webpage\",\"url\":\"https:\/\/reinventyourself.pt\/en\/media\/videos\/\",\"name\":\"Videos | Personal branding, design thinking, Coaching Lideran\\u00e7a, executive coaching e comunica\\u00e7\\u00e3o eficaz em Lisboa - Reinvent Yourself -\",\"isPartOf\":{\"@id\":\"https:\/\/reinventyourself.pt\/#website\"},\"datePublished\":\"2014-04-06T19:38:06+00:00\",\"dateModified\":\"2020-05-25T16:51:43+00:00\",\"description\":\"Desenvolva a sua marca pessoal e ferramentas de comunica\\u00e7\\u00e3o eficaz. A Reinvent Yourself fornece cursos e workshops de coaching executivo (executive coaching), Coaching de Lideran\\u00e7a, e design thinking em Lisboa - Reinvent Yourself -\",\"breadcrumb\":{\"@id\":\"https:\/\/reinventyourself.pt\/en\/media\/videos\/#breadcrumb\"},\"inLanguage\":\"en-US\",\"potentialAction\":[{\"@type\":\"ReadAction\",\"target\":[\"https:\/\/reinventyourself.pt\/en\/media\/videos\/\"]}]},{\"@type\":\"BreadcrumbList\",\"@id\":\"https:\/\/reinventyourself.pt\/en\/media\/videos\/#breadcrumb\",\"itemListElement\":[{\"@type\":\"ListItem\",\"position\":1,\"name\":\"In\\u00edcio\",\"item\":\"https:\/\/reinventyourself.pt\/en\/home-curso-online-2-2\/\"},{\"@type\":\"ListItem\",\"position\":2,\"name\":\"Media\",\"item\":\"https:\/\/reinventyourself.pt\/en\/media\/\"},{\"@type\":\"ListItem\",\"position\":3,\"name\":\"Videos\"}]}]}<\/script>\n<!-- \/ Yoast SEO plugin. -->","yoast_head_json":{"title":"Videos | Personal branding, design thinking, Coaching Lideran\u00e7a, executive coaching e comunica\u00e7\u00e3o eficaz em Lisboa - Reinvent Yourself -","description":"Desenvolva a sua marca pessoal e ferramentas de comunica\u00e7\u00e3o eficaz. A Reinvent Yourself fornece cursos e workshops de coaching executivo (executive coaching), Coaching de Lideran\u00e7a, e design thinking em Lisboa - Reinvent Yourself -","robots":{"index":"index","follow":"follow","max-snippet":"max-snippet:-1","max-image-preview":"max-image-preview:large","max-video-preview":"max-video-preview:-1"},"canonical":"https:\/\/reinventyourself.pt\/en\/media\/videos\/","og_locale":"en_US","og_type":"article","og_title":"Videos | Personal branding, design thinking, Coaching Lideran\u00e7a, executive coaching e comunica\u00e7\u00e3o eficaz em Lisboa - Reinvent Yourself -","og_description":"Desenvolva a sua marca pessoal e ferramentas de comunica\u00e7\u00e3o eficaz. A Reinvent Yourself fornece cursos e workshops de coaching executivo (executive coaching), Coaching de Lideran\u00e7a, e design thinking em Lisboa - Reinvent Yourself -","og_url":"https:\/\/reinventyourself.pt\/en\/media\/videos\/","og_site_name":"Reinvent Yourself","article_modified_time":"2020-05-25T16:51:43+00:00","twitter_card":"summary","twitter_misc":{"Est. reading time":"1 minute"},"schema":{"@context":"https:\/\/schema.org","@graph":[{"@type":"WebSite","@id":"https:\/\/reinventyourself.pt\/#website","url":"https:\/\/reinventyourself.pt\/","name":"Reinvent Yourself","description":"Reinvent Yourself","potentialAction":[{"@type":"SearchAction","target":{"@type":"EntryPoint","urlTemplate":"https:\/\/reinventyourself.pt\/?s={search_term_string}"},"query-input":"required name=search_term_string"}],"inLanguage":"en-US"},{"@type":"WebPage","@id":"https:\/\/reinventyourself.pt\/en\/media\/videos\/#webpage","url":"https:\/\/reinventyourself.pt\/en\/media\/videos\/","name":"Videos | Personal branding, design thinking, Coaching Lideran\u00e7a, executive coaching e comunica\u00e7\u00e3o eficaz em Lisboa - Reinvent Yourself -","isPartOf":{"@id":"https:\/\/reinventyourself.pt\/#website"},"datePublished":"2014-04-06T19:38:06+00:00","dateModified":"2020-05-25T16:51:43+00:00","description":"Desenvolva a sua marca pessoal e ferramentas de comunica\u00e7\u00e3o eficaz. A Reinvent Yourself fornece cursos e workshops de coaching executivo (executive coaching), Coaching de Lideran\u00e7a, e design thinking em Lisboa - Reinvent Yourself -","breadcrumb":{"@id":"https:\/\/reinventyourself.pt\/en\/media\/videos\/#breadcrumb"},"inLanguage":"en-US","potentialAction":[{"@type":"ReadAction","target":["https:\/\/reinventyourself.pt\/en\/media\/videos\/"]}]},{"@type":"BreadcrumbList","@id":"https:\/\/reinventyourself.pt\/en\/media\/videos\/#breadcrumb","itemListElement":[{"@type":"ListItem","position":1,"name":"In\u00edcio","item":"https:\/\/reinventyourself.pt\/en\/home-curso-online-2-2\/"},{"@type":"ListItem","position":2,"name":"Media","item":"https:\/\/reinventyourself.pt\/en\/media\/"},{"@type":"ListItem","position":3,"name":"Videos"}]}]}},"_links":{"self":[{"href":"https:\/\/reinventyourself.pt\/en\/wp-json\/wp\/v2\/pages\/8036"}],"collection":[{"href":"https:\/\/reinventyourself.pt\/en\/wp-json\/wp\/v2\/pages"}],"about":[{"href":"https:\/\/reinventyourself.pt\/en\/wp-json\/wp\/v2\/types\/page"}],"author":[{"embeddable":true,"href":"https:\/\/reinventyourself.pt\/en\/wp-json\/wp\/v2\/users\/5"}],"replies":[{"embeddable":true,"href":"https:\/\/reinventyourself.pt\/en\/wp-json\/wp\/v2\/comments?post=8036"}],"version-history":[{"count":1,"href":"https:\/\/reinventyourself.pt\/en\/wp-json\/wp\/v2\/pages\/8036\/revisions"}],"predecessor-version":[{"id":8038,"href":"https:\/\/reinventyourself.pt\/en\/wp-json\/wp\/v2\/pages\/8036\/revisions\/8038"}],"up":[{"embeddable":true,"href":"https:\/\/reinventyourself.pt\/en\/wp-json\/wp\/v2\/pages\/8030"}],"wp:attachment":[{"href":"https:\/\/reinventyourself.pt\/en\/wp-json\/wp\/v2\/media?parent=8036"}],"curies":[{"name":"wp","href":"https:\/\/api.w.org\/{rel}","templated":true}]}}