{"id":8095,"date":"2018-01-12T17:14:50","date_gmt":"2018-01-12T17:14:50","guid":{"rendered":"https:\/\/reinventyourself.pt\/eventos\/"},"modified":"2020-06-03T14:53:27","modified_gmt":"2020-06-03T14:53:27","slug":"events","status":"publish","type":"page","link":"https:\/\/reinventyourself.pt\/en\/events\/","title":{"rendered":"Events"},"content":{"rendered":"<p>[vc_row box_padding=&#8221;no-padding&#8221; css=&#8221;.vc_custom_1547123883246{margin-top: -30px !important;}&#8221;][vc_column][vc_column_text]<\/p>\n<p class=\"r\">\t\t<div class=\"row_grid\">\n\t\t\tNo Events are found.\t\t<\/div>\n\t\t<style type=\"text\/css\">\n\t\t\t.ife_event .event_date{\n\t\t\t\tbackground-color: #039ED7;\n\t\t\t}\n\t\t\t.ife_event .event_desc .event_title{\n\t\t\t\tcolor: #039ED7;\n\t\t\t}\n\t\t<\/style>\n\t\t<\/p>\n<p>[\/vc_column_text][\/vc_column][\/vc_row][vc_row][vc_column][vc_empty_space][vc_custom_heading text=&#8221;Previous Events&#8221; use_theme_fonts=&#8221;yes&#8221;][vc_separator color=&#8221;black&#8221; align=&#8221;align_left&#8221; border_width=&#8221;2&#8243; el_width=&#8221;20&#8243;][\/vc_column][\/vc_row][vc_row][vc_column][vc_column_text]<\/p>\n<p class=\"r\">\t\t<div class=\"row_grid\">\n\t\t\t<a href=\"https:\/\/reinventyourself.pt\/en\/facebook-event\/%f0%9f%94%94-peerup-empowering-women-leadership-delegar-22-de-junho\/\">\t\n\t<div class=\"col-ife-md-3 archive-event post-8888 facebook_events type-facebook_events status-publish has-post-thumbnail hentry\">\n\t\t<div class=\"ife_event\" >\n\t\t\t<div class=\"img_placeholder\" style=\" background: url('https:\/\/reinventyourself.pt\/wp\/wp-content\/uploads\/2023\/06\/Cartaz-delegar-2206.png') no-repeat left top;\"><\/div>\n\t\t\t<div class=\"event_details\">\n\t\t\t\t<div class=\"event_date\">\n\t\t\t\t\t<span class=\"month\">Jun<\/span>\n\t\t\t\t\t<span class=\"date\"> 22 <\/span>\n\t\t\t\t<\/div>\n\t\t\t\t<div class=\"event_desc\">\n\t\t\t\t\t<a href=\"https:\/\/reinventyourself.pt\/en\/facebook-event\/%f0%9f%94%94-peerup-empowering-women-leadership-delegar-22-de-junho\/\" rel=\"bookmark\">\n\t\t\t\t\t<div class=\"event_title\">\ud83d\udd14 PeerUP \u2013 empowering women leadership | Delegar | 22 de junho<\/div>\t\t\t\t\t<\/a>\n\t\t\t\t\t\t\t\t\t\t\t<div class=\"event_address\"><i class=\"fa fa-map-marker\"><\/i>  Lisboa<\/div>\n\t\t\t\t\t\t\t\t\t<\/div>\n\t\t\t\t<div style=\"clear: both\"><\/div>\n\t\t\t<\/div>\n\t\t<\/div>\n\t<\/div>\n<\/a>\n<a href=\"https:\/\/reinventyourself.pt\/en\/facebook-event\/%f0%9f%94%94-peerup-empowering-women-leadership-o-diagnostico-errado-da-sindrome-do-impostor-16-de-marco\/\">\t\n\t<div class=\"col-ife-md-3 archive-event post-8882 facebook_events type-facebook_events status-publish has-post-thumbnail hentry\">\n\t\t<div class=\"ife_event\" >\n\t\t\t<div class=\"img_placeholder\" style=\" background: url('https:\/\/reinventyourself.pt\/wp\/wp-content\/uploads\/2023\/04\/Cartaz-1603-insta.png') no-repeat left top;\"><\/div>\n\t\t\t<div class=\"event_details\">\n\t\t\t\t<div class=\"event_date\">\n\t\t\t\t\t<span class=\"month\">Mar<\/span>\n\t\t\t\t\t<span class=\"date\"> 16 <\/span>\n\t\t\t\t<\/div>\n\t\t\t\t<div class=\"event_desc\">\n\t\t\t\t\t<a href=\"https:\/\/reinventyourself.pt\/en\/facebook-event\/%f0%9f%94%94-peerup-empowering-women-leadership-o-diagnostico-errado-da-sindrome-do-impostor-16-de-marco\/\" rel=\"bookmark\">\n\t\t\t\t\t<div class=\"event_title\">\ud83d\udd14 PeerUP &#8211; empowering women leadership | &#8216;O Diagn\u00f3stico errado da S\u00edndrome do Impostor&#8217; | 16 de mar\u00e7o<\/div>\t\t\t\t\t<\/a>\n\t\t\t\t\t\t\t\t\t\t\t<div class=\"event_address\"><i class=\"fa fa-map-marker\"><\/i>  Lisboa<\/div>\n\t\t\t\t\t\t\t\t\t<\/div>\n\t\t\t\t<div style=\"clear: both\"><\/div>\n\t\t\t<\/div>\n\t\t<\/div>\n\t<\/div>\n<\/a>\n<a href=\"https:\/\/reinventyourself.pt\/en\/facebook-event\/%f0%9f%93%a3peerup-o-tabu-da-menopausa-factos-e-o-impacto-no-trabalho-13-de-abril\/\">\t\n\t<div class=\"col-ife-md-3 archive-event post-8873 facebook_events type-facebook_events status-publish has-post-thumbnail hentry\">\n\t\t<div class=\"ife_event\" >\n\t\t\t<div class=\"img_placeholder\" style=\" background: url('https:\/\/reinventyourself.pt\/wp\/wp-content\/uploads\/2023\/04\/Cartaz-130423-instagram.png') no-repeat left top;\"><\/div>\n\t\t\t<div class=\"event_details\">\n\t\t\t\t<div class=\"event_date\">\n\t\t\t\t\t<span class=\"month\">Apr<\/span>\n\t\t\t\t\t<span class=\"date\"> 13 <\/span>\n\t\t\t\t<\/div>\n\t\t\t\t<div class=\"event_desc\">\n\t\t\t\t\t<a href=\"https:\/\/reinventyourself.pt\/en\/facebook-event\/%f0%9f%93%a3peerup-o-tabu-da-menopausa-factos-e-o-impacto-no-trabalho-13-de-abril\/\" rel=\"bookmark\">\n\t\t\t\t\t<div class=\"event_title\">\ud83d\udce3PeerUP &#8211; O Tabu da Menopausa &#8211; Factos e o Impacto no Trabalho | 13 de abril<\/div>\t\t\t\t\t<\/a>\n\t\t\t\t\t\t\t\t\t\t\t<div class=\"event_address\"><i class=\"fa fa-map-marker\"><\/i>  Lisboa<\/div>\n\t\t\t\t\t\t\t\t\t<\/div>\n\t\t\t\t<div style=\"clear: both\"><\/div>\n\t\t\t<\/div>\n\t\t<\/div>\n\t<\/div>\n<\/a>\n<a href=\"https:\/\/reinventyourself.pt\/en\/facebook-event\/%f0%9f%93%a3peerup-empowering-women-leadership-definir-limites-11-de-maio\/\">\t\n\t<div class=\"col-ife-md-3 archive-event post-8866 facebook_events type-facebook_events status-publish has-post-thumbnail hentry\">\n\t\t<div class=\"ife_event\" >\n\t\t\t<div class=\"img_placeholder\" style=\" background: url('https:\/\/reinventyourself.pt\/wp\/wp-content\/uploads\/2023\/04\/Cartaz-1105.png') no-repeat left top;\"><\/div>\n\t\t\t<div class=\"event_details\">\n\t\t\t\t<div class=\"event_date\">\n\t\t\t\t\t<span class=\"month\">May<\/span>\n\t\t\t\t\t<span class=\"date\"> 11 <\/span>\n\t\t\t\t<\/div>\n\t\t\t\t<div class=\"event_desc\">\n\t\t\t\t\t<a href=\"https:\/\/reinventyourself.pt\/en\/facebook-event\/%f0%9f%93%a3peerup-empowering-women-leadership-definir-limites-11-de-maio\/\" rel=\"bookmark\">\n\t\t\t\t\t<div class=\"event_title\">\ud83d\udce3PeerUP &#8211; empowering women leadership | Definir Limites | 11 de maio<\/div>\t\t\t\t\t<\/a>\n\t\t\t\t\t\t\t\t\t\t\t<div class=\"event_address\"><i class=\"fa fa-map-marker\"><\/i>  Lisboa<\/div>\n\t\t\t\t\t\t\t\t\t<\/div>\n\t\t\t\t<div style=\"clear: both\"><\/div>\n\t\t\t<\/div>\n\t\t<\/div>\n\t<\/div>\n<\/a>\n<a href=\"https:\/\/reinventyourself.pt\/en\/facebook-event\/creative-thinking-workshop-inove-as-suas-ideias-e-metodos-de-trabalho-25-de-junho-2a-edicao\/\">\t\n\t<div class=\"col-ife-md-3 archive-event post-8598 facebook_events type-facebook_events status-publish has-post-thumbnail hentry\">\n\t\t<div class=\"ife_event\" >\n\t\t\t<div class=\"img_placeholder\" style=\" background: url('https:\/\/reinventyourself.pt\/wp\/wp-content\/uploads\/2022\/06\/Workshop-Artzone-807.png') no-repeat left top;\"><\/div>\n\t\t\t<div class=\"event_details\">\n\t\t\t\t<div class=\"event_date\">\n\t\t\t\t\t<span class=\"month\">Jul<\/span>\n\t\t\t\t\t<span class=\"date\"> 08 <\/span>\n\t\t\t\t<\/div>\n\t\t\t\t<div class=\"event_desc\">\n\t\t\t\t\t<a href=\"https:\/\/reinventyourself.pt\/en\/facebook-event\/creative-thinking-workshop-inove-as-suas-ideias-e-metodos-de-trabalho-25-de-junho-2a-edicao\/\" rel=\"bookmark\">\n\t\t\t\t\t<div class=\"event_title\">Creative Thinking Workshop: Inove as suas Ideias e M\u00e9todos de trabalho | 08 de Julho | 2\u00aa Edi\u00e7\u00e3o<\/div>\t\t\t\t\t<\/a>\n\t\t\t\t\t\t\t\t\t\t\t<div class=\"event_address\"><i class=\"fa fa-map-marker\"><\/i>  Artzone<\/div>\n\t\t\t\t\t\t\t\t\t<\/div>\n\t\t\t\t<div style=\"clear: both\"><\/div>\n\t\t\t<\/div>\n\t\t<\/div>\n\t<\/div>\n<\/a>\n<a href=\"https:\/\/reinventyourself.pt\/en\/facebook-event\/creative-thinking-workshop-inove-as-suas-ideias-e-metodos-de-trabalho\/\">\t\n\t<div class=\"col-ife-md-3 archive-event post-8522 facebook_events type-facebook_events status-publish has-post-thumbnail hentry\">\n\t\t<div class=\"ife_event\" >\n\t\t\t<div class=\"img_placeholder\" style=\" background: url('https:\/\/reinventyourself.pt\/wp\/wp-content\/uploads\/2022\/04\/Workshop-creative-thinking-140522-2.png') no-repeat left top;\"><\/div>\n\t\t\t<div class=\"event_details\">\n\t\t\t\t<div class=\"event_date\">\n\t\t\t\t\t<span class=\"month\">May<\/span>\n\t\t\t\t\t<span class=\"date\"> 14 <\/span>\n\t\t\t\t<\/div>\n\t\t\t\t<div class=\"event_desc\">\n\t\t\t\t\t<a href=\"https:\/\/reinventyourself.pt\/en\/facebook-event\/creative-thinking-workshop-inove-as-suas-ideias-e-metodos-de-trabalho\/\" rel=\"bookmark\">\n\t\t\t\t\t<div class=\"event_title\">Creative Thinking Workshop: Inove as suas Ideias e M\u00e9todos de trabalho<\/div>\t\t\t\t\t<\/a>\n\t\t\t\t\t\t\t\t\t\t\t<div class=\"event_address\"><i class=\"fa fa-map-marker\"><\/i>  Artzone<\/div>\n\t\t\t\t\t\t\t\t\t<\/div>\n\t\t\t\t<div style=\"clear: both\"><\/div>\n\t\t\t<\/div>\n\t\t<\/div>\n\t<\/div>\n<\/a>\n<a href=\"https:\/\/reinventyourself.pt\/en\/facebook-event\/workshop-design-thinking\/\">\t\n\t<div class=\"col-ife-md-3 archive-event post-8509 facebook_events type-facebook_events status-publish has-post-thumbnail hentry\">\n\t\t<div class=\"ife_event\" >\n\t\t\t<div class=\"img_placeholder\" style=\" background: url('https:\/\/reinventyourself.pt\/wp\/wp-content\/uploads\/2022\/03\/Workshop-criatividade.png') no-repeat left top;\"><\/div>\n\t\t\t<div class=\"event_details\">\n\t\t\t\t<div class=\"event_date\">\n\t\t\t\t\t<span class=\"month\">Apr<\/span>\n\t\t\t\t\t<span class=\"date\"> 09 <\/span>\n\t\t\t\t<\/div>\n\t\t\t\t<div class=\"event_desc\">\n\t\t\t\t\t<a href=\"https:\/\/reinventyourself.pt\/en\/facebook-event\/workshop-design-thinking\/\" rel=\"bookmark\">\n\t\t\t\t\t<div class=\"event_title\">Workshop Design Thinking<\/div>\t\t\t\t\t<\/a>\n\t\t\t\t\t\t\t\t\t\t\t<div class=\"event_address\"><i class=\"fa fa-map-marker\"><\/i>  Artzone - Lisbon - Alvalade<\/div>\n\t\t\t\t\t\t\t\t\t<\/div>\n\t\t\t\t<div style=\"clear: both\"><\/div>\n\t\t\t<\/div>\n\t\t<\/div>\n\t<\/div>\n<\/a>\n<a href=\"https:\/\/reinventyourself.pt\/en\/facebook-event\/coaching-em-grupo-elevate-your-career\/\">\t\n\t<div class=\"col-ife-md-3 archive-event post-8461 facebook_events type-facebook_events status-publish has-post-thumbnail hentry\">\n\t\t<div class=\"ife_event\" >\n\t\t\t<div class=\"img_placeholder\" style=\" background: url('https:\/\/reinventyourself.pt\/wp\/wp-content\/uploads\/2021\/10\/photo-1558403194-611308249627.jpg') no-repeat left top;\"><\/div>\n\t\t\t<div class=\"event_details\">\n\t\t\t\t<div class=\"event_date\">\n\t\t\t\t\t<span class=\"month\">Oct<\/span>\n\t\t\t\t\t<span class=\"date\"> 25 <\/span>\n\t\t\t\t<\/div>\n\t\t\t\t<div class=\"event_desc\">\n\t\t\t\t\t<a href=\"https:\/\/reinventyourself.pt\/en\/facebook-event\/coaching-em-grupo-elevate-your-career\/\" rel=\"bookmark\">\n\t\t\t\t\t<div class=\"event_title\">Coaching em Grupo &#8211; &#8216;Elevate your Career&#8217;<\/div>\t\t\t\t\t<\/a>\n\t\t\t\t\t\t\t\t\t\t\t<div class=\"event_address\"><i class=\"fa fa-map-marker\"><\/i>  ZOOM<\/div>\n\t\t\t\t\t\t\t\t\t<\/div>\n\t\t\t\t<div style=\"clear: both\"><\/div>\n\t\t\t<\/div>\n\t\t<\/div>\n\t<\/div>\n<\/a>\n<a href=\"https:\/\/reinventyourself.pt\/en\/facebook-event\/%f0%9f%94%a5-reinvent-your-networking-gestao-da-energia-nao-do-tempo\/\">\t\n\t<div class=\"col-ife-md-3 archive-event post-8336 facebook_events type-facebook_events status-publish has-post-thumbnail hentry\">\n\t\t<div class=\"ife_event\" >\n\t\t\t<div class=\"img_placeholder\" style=\" background: url('https:\/\/reinventyourself.pt\/wp\/wp-content\/uploads\/2021\/05\/RYN-Junho.jpg') no-repeat left top;\"><\/div>\n\t\t\t<div class=\"event_details\">\n\t\t\t\t<div class=\"event_date\">\n\t\t\t\t\t<span class=\"month\">Jun<\/span>\n\t\t\t\t\t<span class=\"date\"> 08 <\/span>\n\t\t\t\t<\/div>\n\t\t\t\t<div class=\"event_desc\">\n\t\t\t\t\t<a href=\"https:\/\/reinventyourself.pt\/en\/facebook-event\/%f0%9f%94%a5-reinvent-your-networking-gestao-da-energia-nao-do-tempo\/\" rel=\"bookmark\">\n\t\t\t\t\t<div class=\"event_title\">\ud83d\udd25 Reinvent Your Networking &#8211; Gest\u00e3o da Energia, n\u00e3o do Tempo<\/div>\t\t\t\t\t<\/a>\n\t\t\t\t\t\t\t\t\t\t\t<div class=\"event_address\"><i class=\"fa fa-map-marker\"><\/i>  Restaurante Charkoal - Marina de Oeiras<\/div>\n\t\t\t\t\t\t\t\t\t<\/div>\n\t\t\t\t<div style=\"clear: both\"><\/div>\n\t\t\t<\/div>\n\t\t<\/div>\n\t<\/div>\n<\/a>\n<a href=\"https:\/\/reinventyourself.pt\/en\/facebook-event\/personal-branding-programa-online\/\">\t\n\t<div class=\"col-ife-md-3 archive-event post-8319 facebook_events type-facebook_events status-publish has-post-thumbnail hentry\">\n\t\t<div class=\"ife_event\" >\n\t\t\t<div class=\"img_placeholder\" style=\" background: url('https:\/\/reinventyourself.pt\/wp\/wp-content\/uploads\/2021\/04\/Workshop-personal-branding-Mai21-online.png') no-repeat left top;\"><\/div>\n\t\t\t<div class=\"event_details\">\n\t\t\t\t<div class=\"event_date\">\n\t\t\t\t\t<span class=\"month\">May<\/span>\n\t\t\t\t\t<span class=\"date\"> 03 <\/span>\n\t\t\t\t<\/div>\n\t\t\t\t<div class=\"event_desc\">\n\t\t\t\t\t<a href=\"https:\/\/reinventyourself.pt\/en\/facebook-event\/personal-branding-programa-online\/\" rel=\"bookmark\">\n\t\t\t\t\t<div class=\"event_title\">Personal Branding &#8211; Programa online<\/div>\t\t\t\t\t<\/a>\n\t\t\t\t\t\t\t\t\t<\/div>\n\t\t\t\t<div style=\"clear: both\"><\/div>\n\t\t\t<\/div>\n\t\t<\/div>\n\t<\/div>\n<\/a>\n\t\t\t\t\t<div class=\"col-ife-md-12\">\n\t\t\t\t\t\t<nav class=\"prev-next-posts\">\n\t\t\t\t\t\t\t<div class=\"prev-posts-link alignright\">\n\t\t\t\t\t\t\t\t<a href=\"https:\/\/reinventyourself.pt\/en\/wp-json\/wp\/v2\/pages\/8095\/page\/2\/\" >Next Events &raquo;<\/a>\t\t\t\t\t\t\t<\/div>\n\t\t\t\t\t\t\t<div class=\"next-posts-link alignleft\">\n\t\t\t\t\t\t\t\t\t\t\t\t\t\t\t<\/div>\n\t\t\t\t\t\t<\/nav>\n\t\t\t\t\t<\/div>\n\t\t\t\t\t\t\t<\/div>\n\t\t<style type=\"text\/css\">\n\t\t\t.ife_event .event_date{\n\t\t\t\tbackground-color: #039ED7;\n\t\t\t}\n\t\t\t.ife_event .event_desc .event_title{\n\t\t\t\tcolor: #039ED7;\n\t\t\t}\n\t\t<\/style>\n\t\t<\/p>\n<p>[\/vc_column_text][\/vc_column][\/vc_row]<\/p>\n","protected":false},"excerpt":{"rendered":"<p>[vc_row box_padding=&#8221;no-padding&#8221; css=&#8221;.vc_custom_1547123883246{margin-top: -30px !important;}&#8221;][vc_column][vc_column_text] [\/vc_column_text][\/vc_column][\/vc_row][vc_row][vc_column][vc_empty_space][vc_custom_heading text=&#8221;Previous Events&#8221; use_theme_fonts=&#8221;yes&#8221;][vc_separator color=&#8221;black&#8221; align=&#8221;align_left&#8221; border_width=&#8221;2&#8243; el_width=&#8221;20&#8243;][\/vc_column][\/vc_row][vc_row][vc_column][vc_column_text] [\/vc_column_text][\/vc_column][\/vc_row]<\/p>\n","protected":false},"author":1,"featured_media":0,"parent":0,"menu_order":0,"comment_status":"closed","ping_status":"closed","template":"page-templates\/page-fullwidth.php","meta":[],"yoast_head":"<!-- This site is optimized with the Yoast SEO plugin v16.9 - https:\/\/yoast.com\/wordpress\/plugins\/seo\/ -->\n<title>Events | Personal branding, design thinking, Coaching Lideran\u00e7a, executive coaching e comunica\u00e7\u00e3o eficaz em Lisboa - Reinvent Yourself -<\/title>\n<meta name=\"description\" content=\"Desenvolva a sua marca pessoal e ferramentas de comunica\u00e7\u00e3o eficaz. A Reinvent Yourself fornece cursos e workshops de coaching executivo (executive coaching), Coaching de Lideran\u00e7a, e design thinking em Lisboa - Reinvent Yourself -\" \/>\n<meta name=\"robots\" content=\"index, follow, max-snippet:-1, max-image-preview:large, max-video-preview:-1\" \/>\n<link rel=\"canonical\" href=\"https:\/\/reinventyourself.pt\/en\/events\/\" \/>\n<meta property=\"og:locale\" content=\"en_US\" \/>\n<meta property=\"og:type\" content=\"article\" \/>\n<meta property=\"og:title\" content=\"Events | Personal branding, design thinking, Coaching Lideran\u00e7a, executive coaching e comunica\u00e7\u00e3o eficaz em Lisboa - Reinvent Yourself -\" \/>\n<meta property=\"og:description\" content=\"Desenvolva a sua marca pessoal e ferramentas de comunica\u00e7\u00e3o eficaz. A Reinvent Yourself fornece cursos e workshops de coaching executivo (executive coaching), Coaching de Lideran\u00e7a, e design thinking em Lisboa - Reinvent Yourself -\" \/>\n<meta property=\"og:url\" content=\"https:\/\/reinventyourself.pt\/en\/events\/\" \/>\n<meta property=\"og:site_name\" content=\"Reinvent Yourself\" \/>\n<meta property=\"article:modified_time\" content=\"2020-06-03T14:53:27+00:00\" \/>\n<meta name=\"twitter:card\" content=\"summary\" \/>\n<script type=\"application\/ld+json\" class=\"yoast-schema-graph\">{\"@context\":\"https:\/\/schema.org\",\"@graph\":[{\"@type\":\"WebSite\",\"@id\":\"https:\/\/reinventyourself.pt\/#website\",\"url\":\"https:\/\/reinventyourself.pt\/\",\"name\":\"Reinvent Yourself\",\"description\":\"Reinvent Yourself\",\"potentialAction\":[{\"@type\":\"SearchAction\",\"target\":{\"@type\":\"EntryPoint\",\"urlTemplate\":\"https:\/\/reinventyourself.pt\/?s={search_term_string}\"},\"query-input\":\"required name=search_term_string\"}],\"inLanguage\":\"en-US\"},{\"@type\":\"WebPage\",\"@id\":\"https:\/\/reinventyourself.pt\/en\/events\/#webpage\",\"url\":\"https:\/\/reinventyourself.pt\/en\/events\/\",\"name\":\"Events | Personal branding, design thinking, Coaching Lideran\\u00e7a, executive coaching e comunica\\u00e7\\u00e3o eficaz em Lisboa - Reinvent Yourself -\",\"isPartOf\":{\"@id\":\"https:\/\/reinventyourself.pt\/#website\"},\"datePublished\":\"2018-01-12T17:14:50+00:00\",\"dateModified\":\"2020-06-03T14:53:27+00:00\",\"description\":\"Desenvolva a sua marca pessoal e ferramentas de comunica\\u00e7\\u00e3o eficaz. A Reinvent Yourself fornece cursos e workshops de coaching executivo (executive coaching), Coaching de Lideran\\u00e7a, e design thinking em Lisboa - Reinvent Yourself -\",\"breadcrumb\":{\"@id\":\"https:\/\/reinventyourself.pt\/en\/events\/#breadcrumb\"},\"inLanguage\":\"en-US\",\"potentialAction\":[{\"@type\":\"ReadAction\",\"target\":[\"https:\/\/reinventyourself.pt\/en\/events\/\"]}]},{\"@type\":\"BreadcrumbList\",\"@id\":\"https:\/\/reinventyourself.pt\/en\/events\/#breadcrumb\",\"itemListElement\":[{\"@type\":\"ListItem\",\"position\":1,\"name\":\"In\\u00edcio\",\"item\":\"https:\/\/reinventyourself.pt\/en\/home-curso-online-2-2\/\"},{\"@type\":\"ListItem\",\"position\":2,\"name\":\"Events\"}]}]}<\/script>\n<!-- \/ Yoast SEO plugin. -->","yoast_head_json":{"title":"Events | Personal branding, design thinking, Coaching Lideran\u00e7a, executive coaching e comunica\u00e7\u00e3o eficaz em Lisboa - Reinvent Yourself -","description":"Desenvolva a sua marca pessoal e ferramentas de comunica\u00e7\u00e3o eficaz. A Reinvent Yourself fornece cursos e workshops de coaching executivo (executive coaching), Coaching de Lideran\u00e7a, e design thinking em Lisboa - Reinvent Yourself -","robots":{"index":"index","follow":"follow","max-snippet":"max-snippet:-1","max-image-preview":"max-image-preview:large","max-video-preview":"max-video-preview:-1"},"canonical":"https:\/\/reinventyourself.pt\/en\/events\/","og_locale":"en_US","og_type":"article","og_title":"Events | Personal branding, design thinking, Coaching Lideran\u00e7a, executive coaching e comunica\u00e7\u00e3o eficaz em Lisboa - Reinvent Yourself -","og_description":"Desenvolva a sua marca pessoal e ferramentas de comunica\u00e7\u00e3o eficaz. A Reinvent Yourself fornece cursos e workshops de coaching executivo (executive coaching), Coaching de Lideran\u00e7a, e design thinking em Lisboa - Reinvent Yourself -","og_url":"https:\/\/reinventyourself.pt\/en\/events\/","og_site_name":"Reinvent Yourself","article_modified_time":"2020-06-03T14:53:27+00:00","twitter_card":"summary","schema":{"@context":"https:\/\/schema.org","@graph":[{"@type":"WebSite","@id":"https:\/\/reinventyourself.pt\/#website","url":"https:\/\/reinventyourself.pt\/","name":"Reinvent Yourself","description":"Reinvent Yourself","potentialAction":[{"@type":"SearchAction","target":{"@type":"EntryPoint","urlTemplate":"https:\/\/reinventyourself.pt\/?s={search_term_string}"},"query-input":"required name=search_term_string"}],"inLanguage":"en-US"},{"@type":"WebPage","@id":"https:\/\/reinventyourself.pt\/en\/events\/#webpage","url":"https:\/\/reinventyourself.pt\/en\/events\/","name":"Events | Personal branding, design thinking, Coaching Lideran\u00e7a, executive coaching e comunica\u00e7\u00e3o eficaz em Lisboa - Reinvent Yourself -","isPartOf":{"@id":"https:\/\/reinventyourself.pt\/#website"},"datePublished":"2018-01-12T17:14:50+00:00","dateModified":"2020-06-03T14:53:27+00:00","description":"Desenvolva a sua marca pessoal e ferramentas de comunica\u00e7\u00e3o eficaz. A Reinvent Yourself fornece cursos e workshops de coaching executivo (executive coaching), Coaching de Lideran\u00e7a, e design thinking em Lisboa - Reinvent Yourself -","breadcrumb":{"@id":"https:\/\/reinventyourself.pt\/en\/events\/#breadcrumb"},"inLanguage":"en-US","potentialAction":[{"@type":"ReadAction","target":["https:\/\/reinventyourself.pt\/en\/events\/"]}]},{"@type":"BreadcrumbList","@id":"https:\/\/reinventyourself.pt\/en\/events\/#breadcrumb","itemListElement":[{"@type":"ListItem","position":1,"name":"In\u00edcio","item":"https:\/\/reinventyourself.pt\/en\/home-curso-online-2-2\/"},{"@type":"ListItem","position":2,"name":"Events"}]}]}},"_links":{"self":[{"href":"https:\/\/reinventyourself.pt\/en\/wp-json\/wp\/v2\/pages\/8095"}],"collection":[{"href":"https:\/\/reinventyourself.pt\/en\/wp-json\/wp\/v2\/pages"}],"about":[{"href":"https:\/\/reinventyourself.pt\/en\/wp-json\/wp\/v2\/types\/page"}],"author":[{"embeddable":true,"href":"https:\/\/reinventyourself.pt\/en\/wp-json\/wp\/v2\/users\/1"}],"replies":[{"embeddable":true,"href":"https:\/\/reinventyourself.pt\/en\/wp-json\/wp\/v2\/comments?post=8095"}],"version-history":[{"count":2,"href":"https:\/\/reinventyourself.pt\/en\/wp-json\/wp\/v2\/pages\/8095\/revisions"}],"predecessor-version":[{"id":8097,"href":"https:\/\/reinventyourself.pt\/en\/wp-json\/wp\/v2\/pages\/8095\/revisions\/8097"}],"wp:attachment":[{"href":"https:\/\/reinventyourself.pt\/en\/wp-json\/wp\/v2\/media?parent=8095"}],"curies":[{"name":"wp","href":"https:\/\/api.w.org\/{rel}","templated":true}]}}