{"id":8531,"date":"2022-06-10T07:52:06","date_gmt":"2022-06-10T07:52:06","guid":{"rendered":"https:\/\/reinventyourself.pt\/?page_id=8531"},"modified":"2022-06-13T08:48:43","modified_gmt":"2022-06-13T08:48:43","slug":"colour-me-beautiful","status":"publish","type":"page","link":"https:\/\/reinventyourself.pt\/en\/colour-me-beautiful\/","title":{"rendered":"Colour me Beautiful"},"content":{"rendered":"<p>[vc_row][vc_column][vc_column_text]Reinvent Yourself has represented Colour me Beautiful (CMB) in Portugal since 2008. CMB is recognised as the international leader in the colour, image and styling industry and has fully trained consultants in Europe, Africa and the Middle East, where it has been operating for over three decades.<\/p>\n<p>We&#8217;re dedicated to helping people get the most out of their imagem, whether it&#8217;s a complete image consultation, a session on effective communication, or a trip to the stores. We guarantee that our consultants will help you feel and communicate more confidently.<\/p>\n<p>Contact us to request a quote for an individual consultation or a workshop at your company via email <strong>info@reinventyourself.pt<\/strong>[\/vc_column_text][vc_empty_space][\/vc_column][\/vc_row][vc_row][vc_column width=&#8221;7\/12&#8243;][vc_custom_heading text=&#8221;Services&#8221; font_container=&#8221;tag:h3|text_align:left|color:%237a7a7a&#8221; use_theme_fonts=&#8221;yes&#8221;][vc_column_text]<\/p>\n<h4>Image Consultation<\/h4>\n<p>An image consultation will show you how to:[\/vc_column_text][vc_empty_space height=&#8221;30px&#8221;][vc_column_text]<\/p>\n<div class=\"wpb_text_column wpb_content_element \">\n<ul>\n<li>Select styles and fabrics that flatter your body shape<\/li>\n<li>Express your personality through your wardrobe<\/li>\n<li>Emphasise what you like about your body and disguise what you don&#8217;t<\/li>\n<li>Finding the clothes that fit you every time you go shopping<\/li>\n<li>Avoid wrong purchases<\/li>\n<li>Develop a coordinated wardrobe so you get maximum usage from it<\/li>\n<li>Dress with confidence, whatever the occasion<\/li>\n<li>Reduce time and frustration looking for the perfect outfit<\/li>\n<\/ul>\n<\/div>\n<p>[\/vc_column_text][vc_empty_space height=&#8221;30px&#8221;][vc_column_text]<strong>Duration:<\/strong> 2 hours<br \/>\n<strong>Includes:<\/strong> A personalised Digital style book with all the advice given[\/vc_column_text][vc_empty_space height=&#8221;40px&#8221;][vc_btn title=&#8221;Contact us&#8221; style=&#8221;outline-custom&#8221; outline_custom_color=&#8221;#666666&#8243; outline_custom_hover_background=&#8221;#ffde00&#8243; outline_custom_hover_text=&#8221;#ffffff&#8221; size=&#8221;lg&#8221; align=&#8221;center&#8221; button_block=&#8221;true&#8221; link=&#8221;url:https%3A%2F%2Freinventyourself.pt%2Fen%2F%23contacts|title:Contactos|rel:nofollow&#8221;][\/vc_column][vc_column width=&#8221;5\/12&#8243; text_align=&#8221;text-center&#8221;][vc_media_grid element_width=&#8221;6&#8243; gap=&#8221;1&#8243; item=&#8221;8572&#8243; grid_id=&#8221;vc_gid:1654846987858-d73d2e13-e83f-0&#8243; include=&#8221;8580,8584,8586,8582&#8243;][\/vc_column][\/vc_row][vc_row][vc_column][\/vc_column][\/vc_row][vc_row][vc_column width=&#8221;1\/2&#8243; offset=&#8221;vc_hidden-sm vc_hidden-xs&#8221;][vc_single_image image=&#8221;8577&#8243; img_size=&#8221;full&#8221; alignment=&#8221;center&#8221;][\/vc_column][vc_column width=&#8221;1\/2&#8243; offset=&#8221;vc_hidden-sm vc_hidden-xs&#8221;][vc_column_text]<\/p>\n<div class=\"wpb_text_column wpb_content_element \">\n<h4>Colour Consultation<\/h4>\n<p class=\"western\">In a colour consultation you will:<\/p>\n<ul>\n<li>\n<p class=\"western\">Learn how to use your best colours for your clothes and makeup for work and play<\/p>\n<\/li>\n<li>\n<p class=\"western\">Get tips on which colours best suit your personal style<\/p>\n<\/li>\n<li>\n<p class=\"western\">How to co-ordinate your wardrobe and achieve more outfit combinations without having to buy more clothes<\/p>\n<\/li>\n<li>\n<p class=\"western\">Learn how colours influence how you look and feel<\/p>\n<\/li>\n<li>\n<p class=\"western\">See how you come up with a versatile range of accessories to complete your look<\/p>\n<\/li>\n<li>\n<p class=\"western\">Get tips on how to put on make-up beautifully, easily and quickly<\/p>\n<\/li>\n<\/ul>\n<\/div>\n<p>[\/vc_column_text][vc_column_text]<strong>Duration:<\/strong> 1.5 hours<br \/>\n<strong>Includes:<\/strong> A Personal 42-colour fabric swatch wallet[\/vc_column_text][vc_empty_space height=&#8221;30px&#8221;][vc_btn title=&#8221;Contact us&#8221; style=&#8221;outline-custom&#8221; outline_custom_color=&#8221;#666666&#8243; outline_custom_hover_background=&#8221;#ffde00&#8243; outline_custom_hover_text=&#8221;#ffffff&#8221; size=&#8221;lg&#8221; align=&#8221;center&#8221; button_block=&#8221;true&#8221; link=&#8221;url:https%3A%2F%2Freinventyourself.pt%2Fen%2F%23contacts|title:Contactos|rel:nofollow&#8221;][\/vc_column][\/vc_row][vc_row][vc_column width=&#8221;1\/2&#8243; offset=&#8221;vc_hidden-lg vc_hidden-md&#8221;][vc_column_text]<\/p>\n<div class=\"wpb_text_column wpb_content_element \">\n<h4>Colour Consultation<\/h4>\n<p class=\"western\">In a colour consultation you will:<\/p>\n<ul>\n<li>\n<p class=\"western\">Learn how to use your best colours for your clothes and makeup for work and play<\/p>\n<\/li>\n<li>\n<p class=\"western\">Get tips on which colours best suit your personal style<\/p>\n<\/li>\n<li>\n<p class=\"western\">How to co-ordinate your wardrobe and achieve more outfit combinations without having to buy more clothes<\/p>\n<\/li>\n<li>\n<p class=\"western\">Learn how colours influence how you look and feel<\/p>\n<\/li>\n<li>\n<p class=\"western\">See how you come up with a versatile range of accessories to complete your look<\/p>\n<\/li>\n<li>\n<p class=\"western\">Get tips on how to put on make-up beautifully, easily and quickly<\/p>\n<\/li>\n<\/ul>\n<\/div>\n<p>[\/vc_column_text][vc_column_text]<strong>Duration:<\/strong> 1.5 hours<br \/>\n<strong>Includes:<\/strong> A Personal 42-colour fabric swatch wallet[\/vc_column_text][vc_empty_space height=&#8221;30px&#8221;][vc_btn title=&#8221;Contact us&#8221; style=&#8221;outline-custom&#8221; outline_custom_color=&#8221;#666666&#8243; outline_custom_hover_background=&#8221;#ffde00&#8243; outline_custom_hover_text=&#8221;#ffffff&#8221; size=&#8221;lg&#8221; align=&#8221;center&#8221; button_block=&#8221;true&#8221; link=&#8221;url:https%3A%2F%2Freinventyourself.pt%2Fen%2F%23contacts|title:Contactos|rel:nofollow&#8221;][\/vc_column][vc_column width=&#8221;1\/2&#8243; offset=&#8221;vc_hidden-lg vc_hidden-md&#8221;][vc_single_image image=&#8221;8577&#8243; img_size=&#8221;full&#8221; alignment=&#8221;center&#8221;][\/vc_column][\/vc_row][vc_row][vc_column width=&#8221;1\/2&#8243;][vc_column_text]<\/p>\n<div class=\"wpb_text_column wpb_content_element \">\n<h4>Programmes for companies<\/h4>\n<p>The main purpose of our sessions is to advise coworkers on how to enhance their professional image which in turn builds their confidence to enhance their business performance.<\/p>\n<p>Sorting out sensitive, personal image issues is most effective within a supportive environment which ensures the sessions are always memorable. All of our sessions are tailored to focus on your team\u2019s particular challenges and are highly participatory.<\/p>\n<\/div>\n<p>[\/vc_column_text][vc_empty_space height=&#8221;30px&#8221;][vc_btn title=&#8221;Contact us&#8221; style=&#8221;outline-custom&#8221; outline_custom_color=&#8221;#666666&#8243; outline_custom_hover_background=&#8221;#ffde00&#8243; outline_custom_hover_text=&#8221;#ffffff&#8221; size=&#8221;lg&#8221; align=&#8221;center&#8221; button_block=&#8221;true&#8221; link=&#8221;url:https%3A%2F%2Freinventyourself.pt%2Fen%2F%23contacts|title:Contactos|rel:nofollow&#8221;][\/vc_column][vc_column width=&#8221;1\/2&#8243;][vc_single_image image=&#8221;8559&#8243; img_size=&#8221;full&#8221; alignment=&#8221;center&#8221;][\/vc_column][\/vc_row][vc_row][vc_column][vc_column_text]<\/p>\n<div class=\"wpb_text_column wpb_content_element \">\n<h4>Tailor-made programmes<\/h4>\n<p>Our programmes are tailor-made, taking into account your specific requirements, type of business and participant roles. Our sessions reinforce the importance of the professional image of your business and we advise on personal image without ignoring the uniqueness of each person and the way to be more correct in any of the occasions, conveying an image of trust, credibility and success.<\/p>\n<p>The workshops last between two hours and two days, depending on the topics, desired duration, budget and number of participants.<\/p>\n<p class=\"western\">Contact us to request a quote for an individual consultation or a workshop at your company via email <span style=\"color: #0563c1;\"><u><a href=\"mailto:info@reinventyourself.pt\">info@reinventyourself.pt<\/a><\/u><\/span><\/p>\n<\/div>\n<p>[\/vc_column_text][\/vc_column][\/vc_row][vc_row][vc_column width=&#8221;1\/3&#8243;][vc_column_text]<\/p>\n<h4>Topics:<\/h4>\n<ul>\n<li>First impressions<\/li>\n<li>Personal marketing<\/li>\n<li>Professional and personal image<\/li>\n<li>Non-verbal communication<\/li>\n<li>business etiquette<\/li>\n<li>Presentation and networking techniques<\/li>\n<li>Image on social media<\/li>\n<\/ul>\n<p>[\/vc_column_text][vc_empty_space height=&#8221;30px&#8221;][vc_btn title=&#8221;Contact us&#8221; style=&#8221;outline-custom&#8221; outline_custom_color=&#8221;#666666&#8243; outline_custom_hover_background=&#8221;#ffde00&#8243; outline_custom_hover_text=&#8221;#ffffff&#8221; size=&#8221;lg&#8221; align=&#8221;center&#8221; button_block=&#8221;true&#8221; link=&#8221;url:https%3A%2F%2Freinventyourself.pt%2Fen%2F%23contacts|title:Contactos|rel:nofollow&#8221;][\/vc_column][vc_column width=&#8221;2\/3&#8243;][vc_single_image image=&#8221;8557&#8243; img_size=&#8221;full&#8221; alignment=&#8221;center&#8221;][\/vc_column][\/vc_row][vc_row][vc_column][\/vc_column][\/vc_row]<\/p>\n","protected":false},"excerpt":{"rendered":"<p>[vc_row][vc_column][vc_column_text]Reinvent Yourself has represented Colour me Beautiful (CMB) in Portugal since 2008. CMB is recognised as the international leader in the colour, image and styling industry and has fully trained consultants in Europe, Africa and the Middle East, where it has been operating for over three decades. We&#8217;re dedicated to helping people get the most out of their imagem, whether it&#8217;s a complete image consultation, a session on effective communication, or a trip to the&#8230;<\/p>\n","protected":false},"author":1,"featured_media":0,"parent":0,"menu_order":0,"comment_status":"closed","ping_status":"closed","template":"page-templates\/page-fullwidth.php","meta":[],"yoast_head":"<!-- This site is optimized with the Yoast SEO plugin v16.9 - https:\/\/yoast.com\/wordpress\/plugins\/seo\/ -->\n<title>Colour me Beautiful | Personal branding, design thinking, Coaching Lideran\u00e7a, executive coaching e comunica\u00e7\u00e3o eficaz em Lisboa - Reinvent Yourself -<\/title>\n<meta name=\"description\" content=\"Desenvolva a sua marca pessoal e ferramentas de comunica\u00e7\u00e3o eficaz. A Reinvent Yourself fornece cursos e workshops de coaching executivo (executive coaching), Coaching de Lideran\u00e7a, e design thinking em Lisboa - Reinvent Yourself -\" \/>\n<meta name=\"robots\" content=\"index, follow, max-snippet:-1, max-image-preview:large, max-video-preview:-1\" \/>\n<link rel=\"canonical\" href=\"https:\/\/reinventyourself.pt\/en\/colour-me-beautiful\/\" \/>\n<meta property=\"og:locale\" content=\"en_US\" \/>\n<meta property=\"og:type\" content=\"article\" \/>\n<meta property=\"og:title\" content=\"Colour me Beautiful | Personal branding, design thinking, Coaching Lideran\u00e7a, executive coaching e comunica\u00e7\u00e3o eficaz em Lisboa - Reinvent Yourself -\" \/>\n<meta property=\"og:description\" content=\"Desenvolva a sua marca pessoal e ferramentas de comunica\u00e7\u00e3o eficaz. A Reinvent Yourself fornece cursos e workshops de coaching executivo (executive coaching), Coaching de Lideran\u00e7a, e design thinking em Lisboa - Reinvent Yourself -\" \/>\n<meta property=\"og:url\" content=\"https:\/\/reinventyourself.pt\/en\/colour-me-beautiful\/\" \/>\n<meta property=\"og:site_name\" content=\"Reinvent Yourself\" \/>\n<meta property=\"article:modified_time\" content=\"2022-06-13T08:48:43+00:00\" \/>\n<meta name=\"twitter:card\" content=\"summary\" \/>\n<meta name=\"twitter:label1\" content=\"Est. reading time\" \/>\n\t<meta name=\"twitter:data1\" content=\"4 minutes\" \/>\n<script type=\"application\/ld+json\" class=\"yoast-schema-graph\">{\"@context\":\"https:\/\/schema.org\",\"@graph\":[{\"@type\":\"WebSite\",\"@id\":\"https:\/\/reinventyourself.pt\/#website\",\"url\":\"https:\/\/reinventyourself.pt\/\",\"name\":\"Reinvent Yourself\",\"description\":\"Reinvent Yourself\",\"potentialAction\":[{\"@type\":\"SearchAction\",\"target\":{\"@type\":\"EntryPoint\",\"urlTemplate\":\"https:\/\/reinventyourself.pt\/?s={search_term_string}\"},\"query-input\":\"required name=search_term_string\"}],\"inLanguage\":\"en-US\"},{\"@type\":\"WebPage\",\"@id\":\"https:\/\/reinventyourself.pt\/en\/colour-me-beautiful\/#webpage\",\"url\":\"https:\/\/reinventyourself.pt\/en\/colour-me-beautiful\/\",\"name\":\"Colour me Beautiful | Personal branding, design thinking, Coaching Lideran\\u00e7a, executive coaching e comunica\\u00e7\\u00e3o eficaz em Lisboa - Reinvent Yourself -\",\"isPartOf\":{\"@id\":\"https:\/\/reinventyourself.pt\/#website\"},\"datePublished\":\"2022-06-10T07:52:06+00:00\",\"dateModified\":\"2022-06-13T08:48:43+00:00\",\"description\":\"Desenvolva a sua marca pessoal e ferramentas de comunica\\u00e7\\u00e3o eficaz. A Reinvent Yourself fornece cursos e workshops de coaching executivo (executive coaching), Coaching de Lideran\\u00e7a, e design thinking em Lisboa - Reinvent Yourself -\",\"breadcrumb\":{\"@id\":\"https:\/\/reinventyourself.pt\/en\/colour-me-beautiful\/#breadcrumb\"},\"inLanguage\":\"en-US\",\"potentialAction\":[{\"@type\":\"ReadAction\",\"target\":[\"https:\/\/reinventyourself.pt\/en\/colour-me-beautiful\/\"]}]},{\"@type\":\"BreadcrumbList\",\"@id\":\"https:\/\/reinventyourself.pt\/en\/colour-me-beautiful\/#breadcrumb\",\"itemListElement\":[{\"@type\":\"ListItem\",\"position\":1,\"name\":\"In\\u00edcio\",\"item\":\"https:\/\/reinventyourself.pt\/en\/home-curso-online-2-2\/\"},{\"@type\":\"ListItem\",\"position\":2,\"name\":\"Colour me Beautiful\"}]}]}<\/script>\n<!-- \/ Yoast SEO plugin. -->","yoast_head_json":{"title":"Colour me Beautiful | Personal branding, design thinking, Coaching Lideran\u00e7a, executive coaching e comunica\u00e7\u00e3o eficaz em Lisboa - Reinvent Yourself -","description":"Desenvolva a sua marca pessoal e ferramentas de comunica\u00e7\u00e3o eficaz. A Reinvent Yourself fornece cursos e workshops de coaching executivo (executive coaching), Coaching de Lideran\u00e7a, e design thinking em Lisboa - Reinvent Yourself -","robots":{"index":"index","follow":"follow","max-snippet":"max-snippet:-1","max-image-preview":"max-image-preview:large","max-video-preview":"max-video-preview:-1"},"canonical":"https:\/\/reinventyourself.pt\/en\/colour-me-beautiful\/","og_locale":"en_US","og_type":"article","og_title":"Colour me Beautiful | Personal branding, design thinking, Coaching Lideran\u00e7a, executive coaching e comunica\u00e7\u00e3o eficaz em Lisboa - Reinvent Yourself -","og_description":"Desenvolva a sua marca pessoal e ferramentas de comunica\u00e7\u00e3o eficaz. A Reinvent Yourself fornece cursos e workshops de coaching executivo (executive coaching), Coaching de Lideran\u00e7a, e design thinking em Lisboa - Reinvent Yourself -","og_url":"https:\/\/reinventyourself.pt\/en\/colour-me-beautiful\/","og_site_name":"Reinvent Yourself","article_modified_time":"2022-06-13T08:48:43+00:00","twitter_card":"summary","twitter_misc":{"Est. reading time":"4 minutes"},"schema":{"@context":"https:\/\/schema.org","@graph":[{"@type":"WebSite","@id":"https:\/\/reinventyourself.pt\/#website","url":"https:\/\/reinventyourself.pt\/","name":"Reinvent Yourself","description":"Reinvent Yourself","potentialAction":[{"@type":"SearchAction","target":{"@type":"EntryPoint","urlTemplate":"https:\/\/reinventyourself.pt\/?s={search_term_string}"},"query-input":"required name=search_term_string"}],"inLanguage":"en-US"},{"@type":"WebPage","@id":"https:\/\/reinventyourself.pt\/en\/colour-me-beautiful\/#webpage","url":"https:\/\/reinventyourself.pt\/en\/colour-me-beautiful\/","name":"Colour me Beautiful | Personal branding, design thinking, Coaching Lideran\u00e7a, executive coaching e comunica\u00e7\u00e3o eficaz em Lisboa - Reinvent Yourself -","isPartOf":{"@id":"https:\/\/reinventyourself.pt\/#website"},"datePublished":"2022-06-10T07:52:06+00:00","dateModified":"2022-06-13T08:48:43+00:00","description":"Desenvolva a sua marca pessoal e ferramentas de comunica\u00e7\u00e3o eficaz. A Reinvent Yourself fornece cursos e workshops de coaching executivo (executive coaching), Coaching de Lideran\u00e7a, e design thinking em Lisboa - Reinvent Yourself -","breadcrumb":{"@id":"https:\/\/reinventyourself.pt\/en\/colour-me-beautiful\/#breadcrumb"},"inLanguage":"en-US","potentialAction":[{"@type":"ReadAction","target":["https:\/\/reinventyourself.pt\/en\/colour-me-beautiful\/"]}]},{"@type":"BreadcrumbList","@id":"https:\/\/reinventyourself.pt\/en\/colour-me-beautiful\/#breadcrumb","itemListElement":[{"@type":"ListItem","position":1,"name":"In\u00edcio","item":"https:\/\/reinventyourself.pt\/en\/home-curso-online-2-2\/"},{"@type":"ListItem","position":2,"name":"Colour me Beautiful"}]}]}},"_links":{"self":[{"href":"https:\/\/reinventyourself.pt\/en\/wp-json\/wp\/v2\/pages\/8531"}],"collection":[{"href":"https:\/\/reinventyourself.pt\/en\/wp-json\/wp\/v2\/pages"}],"about":[{"href":"https:\/\/reinventyourself.pt\/en\/wp-json\/wp\/v2\/types\/page"}],"author":[{"embeddable":true,"href":"https:\/\/reinventyourself.pt\/en\/wp-json\/wp\/v2\/users\/1"}],"replies":[{"embeddable":true,"href":"https:\/\/reinventyourself.pt\/en\/wp-json\/wp\/v2\/comments?post=8531"}],"version-history":[{"count":3,"href":"https:\/\/reinventyourself.pt\/en\/wp-json\/wp\/v2\/pages\/8531\/revisions"}],"predecessor-version":[{"id":8614,"href":"https:\/\/reinventyourself.pt\/en\/wp-json\/wp\/v2\/pages\/8531\/revisions\/8614"}],"wp:attachment":[{"href":"https:\/\/reinventyourself.pt\/en\/wp-json\/wp\/v2\/media?parent=8531"}],"curies":[{"name":"wp","href":"https:\/\/api.w.org\/{rel}","templated":true}]}}